{"id":99141,"date":"2025-01-29T16:52:29","date_gmt":"2025-01-29T15:52:29","guid":{"rendered":"https:\/\/www.leaders21.com\/?page_id=99141"},"modified":"2025-01-29T16:52:29","modified_gmt":"2025-01-29T15:52:29","slug":"partner-introvideo","status":"publish","type":"page","link":"https:\/\/www.leaders21.com\/de\/partner-introvideo\/","title":{"rendered":"Introvideo Leaders21 Partner"},"content":{"rendered":"<div class=\"wpb-content-wrapper\"><p>[vc_row row_height_percent=&#8220;0&#8243; override_padding=&#8220;yes&#8220; h_padding=&#8220;2&#8243; top_padding=&#8220;2&#8243; bottom_padding=&#8220;0&#8243; overlay_alpha=&#8220;50&#8243; gutter_size=&#8220;3&#8243; column_width_percent=&#8220;100&#8243; shift_y=&#8220;0&#8243; z_index=&#8220;0&#8243; content_parallax=&#8220;0&#8243; uncode_shortcode_id=&#8220;110834&#8243;][vc_column column_width_percent=&#8220;100&#8243; position_vertical=&#8220;middle&#8220; align_horizontal=&#8220;align_center&#8220; gutter_size=&#8220;3&#8243; override_padding=&#8220;yes&#8220; column_padding=&#8220;2&#8243; overlay_alpha=&#8220;50&#8243; shift_x=&#8220;0&#8243; shift_y=&#8220;0&#8243; shift_y_down=&#8220;0&#8243; z_index=&#8220;0&#8243; medium_width=&#8220;0&#8243; mobile_width=&#8220;0&#8243; width=&#8220;1\/1&#8243; uncode_shortcode_id=&#8220;110926&#8243;][vc_custom_heading uncode_shortcode_id=&#8220;207021&#8243;]<\/p>\n<h2>Alle Infos zum Leaders21 Partnerprogramm im Video<\/h2>\n<p>[\/vc_custom_heading][\/vc_column][\/vc_row][vc_row row_height_percent=&#8220;0&#8243; override_padding=&#8220;yes&#8220; h_padding=&#8220;2&#8243; top_padding=&#8220;2&#8243; bottom_padding=&#8220;0&#8243; overlay_alpha=&#8220;50&#8243; gutter_size=&#8220;3&#8243; column_width_percent=&#8220;100&#8243; shift_y=&#8220;0&#8243; z_index=&#8220;0&#8243; content_parallax=&#8220;0&#8243; uncode_shortcode_id=&#8220;547198&#8243;][vc_column column_width_percent=&#8220;100&#8243; align_horizontal=&#8220;align_center&#8220; gutter_size=&#8220;3&#8243; overlay_alpha=&#8220;50&#8243; shift_x=&#8220;0&#8243; shift_y=&#8220;0&#8243; shift_y_down=&#8220;0&#8243; z_index=&#8220;0&#8243; medium_width=&#8220;0&#8243; mobile_width=&#8220;0&#8243; width=&#8220;1\/1&#8243; uncode_shortcode_id=&#8220;674061&#8243;][vc_raw_html]JTNDZGl2JTIwc3R5bGUlM0QlMjJwYWRkaW5nJTNBNTYuMjUlMjUlMjAwJTIwMCUyMDAlM0Jwb3NpdGlvbiUzQXJlbGF0aXZlJTNCJTIyJTNFJTNDaWZyYW1lJTIwc3JjJTNEJTIyaHR0cHMlM0ElMkYlMkZwbGF5ZXIudmltZW8uY29tJTJGdmlkZW8lMkYxMDUxNTM5NTYxJTNGYmFkZ2UlM0QwJTI2YW1wJTNCYXV0b3BhdXNlJTNEMCUyNmFtcCUzQnBsYXllcl9pZCUzRDAlMjZhbXAlM0JhcHBfaWQlM0Q1ODQ3OSUyMiUyMGZyYW1lYm9yZGVyJTNEJTIyMCUyMiUyMGFsbG93JTNEJTIyYXV0b3BsYXklM0IlMjBmdWxsc2NyZWVuJTNCJTIwcGljdHVyZS1pbi1waWN0dXJlJTNCJTIwY2xpcGJvYXJkLXdyaXRlJTNCJTIwZW5jcnlwdGVkLW1lZGlhJTIyJTIwc3R5bGUlM0QlMjJwb3NpdGlvbiUzQWFic29sdXRlJTNCdG9wJTNBMCUzQmxlZnQlM0EwJTNCd2lkdGglM0ExMDAlMjUlM0JoZWlnaHQlM0ExMDAlMjUlM0IlMjIlMjB0aXRsZSUzRCUyMlNhYmluZS1QYXJ0bmVyd2ViaW5hci1GaW5hbCUyMiUzRSUzQyUyRmlmcmFtZSUzRSUzQyUyRmRpdiUzRSUzQ3NjcmlwdCUyMHNyYyUzRCUyMmh0dHBzJTNBJTJGJTJGcGxheWVyLnZpbWVvLmNvbSUyRmFwaSUyRnBsYXllci5qcyUyMiUzRSUzQyUyRnNjcmlwdCUzRQ==[\/vc_raw_html][\/vc_column][\/vc_row][vc_row row_height_percent=&#8220;0&#8243; override_padding=&#8220;yes&#8220; h_padding=&#8220;2&#8243; top_padding=&#8220;3&#8243; bottom_padding=&#8220;0&#8243; overlay_alpha=&#8220;50&#8243; gutter_size=&#8220;3&#8243; column_width_percent=&#8220;100&#8243; shift_y=&#8220;0&#8243; z_index=&#8220;0&#8243; content_parallax=&#8220;0&#8243; uncode_shortcode_id=&#8220;441844&#8243; el_class=&#8220;zentrierte-row&#8220;][vc_column column_width_percent=&#8220;100&#8243; align_horizontal=&#8220;align_center&#8220; gutter_size=&#8220;3&#8243; overlay_alpha=&#8220;50&#8243; shift_x=&#8220;0&#8243; shift_y=&#8220;0&#8243; shift_y_down=&#8220;0&#8243; z_index=&#8220;0&#8243; medium_width=&#8220;0&#8243; mobile_width=&#8220;0&#8243; width=&#8220;1\/1&#8243; uncode_shortcode_id=&#8220;313373&#8243;][vc_custom_heading heading_semantic=&#8220;h3&#8243; text_size=&#8220;h3&#8243; uncode_shortcode_id=&#8220;155646&#8243;]Du hast Interesse? Jetzt pers\u00f6nlichen Termin im Kalender ausw\u00e4hlen \u2b07\ufe0f[\/vc_custom_heading][vc_raw_html]JTNDJTIxLS0lMjBTdGFydCUyMG9mJTIwTWVldGluZ3MlMjBFbWJlZCUyMFNjcmlwdCUyMC0tJTNFJTBBJTIwJTIwJTIwJTIwJTNDZGl2JTIwY2xhc3MlM0QlMjJtZWV0aW5ncy1pZnJhbWUtY29udGFpbmVyJTIyJTIwZGF0YS1zcmMlM0QlMjJodHRwcyUzQSUyRiUyRm1lZXRpbmdzLWV1MS5odWJzcG90LmNvbSUyRmZyaXR6LWtyYXNzbml0emVyJTJGaW5mb3Rlcm1pbi1wYXJ0bmVyJTNGZW1iZWQlM0R0cnVlJTIyJTNFJTNDJTJGZGl2JTNFJTBBJTIwJTIwJTIwJTIwJTNDc2NyaXB0JTIwdHlwZSUzRCUyMnRleHQlMkZqYXZhc2NyaXB0JTIyJTIwc3JjJTNEJTIyaHR0cHMlM0ElMkYlMkZzdGF0aWMuaHNhcHBzdGF0aWMubmV0JTJGTWVldGluZ3NFbWJlZCUyRmV4JTJGTWVldGluZ3NFbWJlZENvZGUuanMlMjIlM0UlM0MlMkZzY3JpcHQlM0UlMEElMjAlMjAlM0MlMjEtLSUyMEVuZCUyMG9mJTIwTWVldGluZ3MlMjBFbWJlZCUyMFNjcmlwdCUyMC0tJTNF[\/vc_raw_html][\/vc_column][\/vc_row][vc_row row_height_percent=&#8220;0&#8243; override_padding=&#8220;yes&#8220; h_padding=&#8220;2&#8243; top_padding=&#8220;0&#8243; bottom_padding=&#8220;1&#8243; overlay_alpha=&#8220;50&#8243; gutter_size=&#8220;3&#8243; column_width_percent=&#8220;100&#8243; shift_y=&#8220;0&#8243; z_index=&#8220;0&#8243; content_parallax=&#8220;0&#8243; uncode_shortcode_id=&#8220;989535&#8243;][vc_column width=&#8220;1\/1&#8243;][vc_custom_heading heading_semantic=&#8220;h4&#8243; text_size=&#8220;h4&#8243; uncode_shortcode_id=&#8220;101979&#8243;]Das kannst du vom Termin erwarten:[\/vc_custom_heading][vc_column_text uncode_shortcode_id=&#8220;152483&#8243;]Beim pers\u00f6nlichen Infotermin erf\u00e4hrst du in <strong>ca. 30 Minuten<\/strong> alles Wichtige zum Leaders21 Partnerprogramm. In einem pers\u00f6nlichen Gespr\u00e4ch zeigen wir dir, wie du dein Angebot mit unserer digitalen Plattform erweitern kannst. Du hast die M\u00f6glichkeit, individuelle Fragen zu stellen und herauszufinden, ob das Programm zu dir passt. Au\u00dferdem erkl\u00e4ren wir dir den Ablauf und die n\u00e4chsten Schritte f\u00fcr eine m\u00f6gliche Zusammenarbeit.<\/p>\n<p>&nbsp;<\/p>\n<p>Ganz unverbindlich \u2013 wir freuen uns auf den Austausch![\/vc_column_text][\/vc_column][\/vc_row][vc_row row_height_percent=&#8220;0&#8243; override_padding=&#8220;yes&#8220; h_padding=&#8220;2&#8243; top_padding=&#8220;2&#8243; bottom_padding=&#8220;2&#8243; back_color=&#8220;accent&#8220; overlay_alpha=&#8220;50&#8243; gutter_size=&#8220;3&#8243; column_width_percent=&#8220;100&#8243; shift_y=&#8220;0&#8243; z_index=&#8220;0&#8243; content_parallax=&#8220;0&#8243; uncode_shortcode_id=&#8220;160123&#8243; back_color_type=&#8220;uncode-palette&#8220; css=&#8220;.vc_custom_1738165783357{margin-top: 30px !important;margin-bottom: 30px !important;}&#8220;][vc_column column_width_percent=&#8220;100&#8243; gutter_size=&#8220;3&#8243; override_padding=&#8220;yes&#8220; column_padding=&#8220;0&#8243; overlay_alpha=&#8220;50&#8243; shift_x=&#8220;0&#8243; shift_y=&#8220;0&#8243; shift_y_down=&#8220;0&#8243; z_index=&#8220;0&#8243; medium_width=&#8220;0&#8243; mobile_width=&#8220;0&#8243; width=&#8220;1\/1&#8243; uncode_shortcode_id=&#8220;192157&#8243;][vc_row_inner row_inner_height_percent=&#8220;0&#8243; overlay_alpha=&#8220;50&#8243; equal_height=&#8220;yes&#8220; gutter_size=&#8220;3&#8243; shift_y=&#8220;0&#8243; z_index=&#8220;0&#8243; uncode_shortcode_id=&#8220;264080&#8243;][vc_column_inner column_width_percent=&#8220;100&#8243; align_horizontal=&#8220;align_center&#8220; gutter_size=&#8220;2&#8243; overlay_alpha=&#8220;50&#8243; shift_x=&#8220;0&#8243; shift_y=&#8220;0&#8243; shift_y_down=&#8220;0&#8243; z_index=&#8220;0&#8243; medium_width=&#8220;0&#8243; mobile_width=&#8220;0&#8243; width=&#8220;1\/4&#8243; uncode_shortcode_id=&#8220;104394&#8243;][vc_single_image media=&#8220;98624&#8243; media_width_percent=&#8220;90&#8243; alignment=&#8220;center&#8220; shape=&#8220;img-circle&#8220; uncode_shortcode_id=&#8220;125606&#8243;][\/vc_column_inner][vc_column_inner column_width_percent=&#8220;100&#8243; position_vertical=&#8220;middle&#8220; gutter_size=&#8220;2&#8243; overlay_alpha=&#8220;50&#8243; shift_x=&#8220;0&#8243; shift_y=&#8220;0&#8243; shift_y_down=&#8220;0&#8243; z_index=&#8220;0&#8243; medium_width=&#8220;0&#8243; mobile_width=&#8220;0&#8243; width=&#8220;3\/4&#8243; uncode_shortcode_id=&#8220;118096&#8243;][vc_custom_heading text_color=&#8220;l21-beige-light&#8220; heading_semantic=&#8220;h4&#8243; text_size=&#8220;h4&#8243; uncode_shortcode_id=&#8220;113234&#8243; text_color_type=&#8220;uncode-palette&#8220;]&#8220;Weiterentwicklung hei\u00dft, neue Wege zu gehen. Durch unsere Partnerschaft mit Leaders21 erweitern wir unser Angebot von reinen Pr\u00e4senz-Workshops auf Blended Learning, um unseren Kund:innen eine noch abwechslungsreichere und nachhaltigere Lernerfahrung zu erm\u00f6glichen.&#8220;[\/vc_custom_heading][vc_column_text text_color=&#8220;l21-white&#8220; uncode_shortcode_id=&#8220;580932&#8243; text_color_type=&#8220;uncode-palette&#8220;]Petra Peischl &#8211; Co-Founderin Beratungszone[\/vc_column_text][\/vc_column_inner][\/vc_row_inner][\/vc_column][\/vc_row]<\/p>\n<\/div>","protected":false},"excerpt":{"rendered":"<p>Lerne unsere Leaders21 Plattform kennen: kostenlos &#038; unverbindlich!<\/p>\n","protected":false},"author":22,"featured_media":89922,"parent":0,"menu_order":0,"comment_status":"closed","ping_status":"closed","template":"","meta":{"content-type":"","footnotes":""},"class_list":["post-99141","page","type-page","status-publish","has-post-thumbnail","hentry"],"yoast_head":"<!-- This site is optimized with the Yoast SEO plugin v25.2 - https:\/\/yoast.com\/wordpress\/plugins\/seo\/ -->\n<title>Introvideo Leaders21 Partner - Leaders21<\/title>\n<meta name=\"description\" content=\"Buche dir einen kostenlosen Beratungstermin mit den Expert:innen von Leaders21 zum Thema Personalentwicklung und 21st Century Skills Development.\" \/>\n<meta name=\"robots\" content=\"index, follow, max-snippet:-1, max-image-preview:large, max-video-preview:-1\" \/>\n<link rel=\"canonical\" href=\"https:\/\/www.leaders21.com\/de\/partner-introvideo\/\" \/>\n<meta property=\"og:locale\" content=\"de_DE\" \/>\n<meta property=\"og:type\" content=\"article\" \/>\n<meta property=\"og:title\" content=\"Introvideo Leaders21 Partner - Leaders21\" \/>\n<meta property=\"og:description\" content=\"Buche dir einen kostenlosen Beratungstermin mit den Expert:innen von Leaders21 zum Thema Personalentwicklung und 21st Century Skills Development.\" \/>\n<meta property=\"og:url\" content=\"https:\/\/www.leaders21.com\/de\/partner-introvideo\/\" \/>\n<meta property=\"og:site_name\" content=\"Leaders21\" \/>\n<meta property=\"article:publisher\" content=\"https:\/\/www.facebook.com\/Leaders21com\" \/>\n<meta property=\"og:image\" content=\"https:\/\/www.leaders21.com\/wp-content\/uploads\/Header3_EN-scaled.jpg\" \/>\n\t<meta property=\"og:image:width\" content=\"2560\" \/>\n\t<meta property=\"og:image:height\" content=\"1707\" \/>\n\t<meta property=\"og:image:type\" content=\"image\/jpeg\" \/>\n<meta name=\"twitter:card\" content=\"summary_large_image\" \/>\n<meta name=\"twitter:label1\" content=\"Gesch\u00e4tzte Lesezeit\" \/>\n\t<meta name=\"twitter:data1\" content=\"2\u00a0Minuten\" \/>\n<script type=\"application\/ld+json\" class=\"yoast-schema-graph\">{\"@context\":\"https:\/\/schema.org\",\"@graph\":[{\"@type\":\"WebPage\",\"@id\":\"https:\/\/www.leaders21.com\/de\/partner-introvideo\/\",\"url\":\"https:\/\/www.leaders21.com\/de\/partner-introvideo\/\",\"name\":\"Introvideo Leaders21 Partner - Leaders21\",\"isPartOf\":{\"@id\":\"https:\/\/www.leaders21.com\/de\/#website\"},\"primaryImageOfPage\":{\"@id\":\"https:\/\/www.leaders21.com\/de\/partner-introvideo\/#primaryimage\"},\"image\":{\"@id\":\"https:\/\/www.leaders21.com\/de\/partner-introvideo\/#primaryimage\"},\"thumbnailUrl\":\"https:\/\/www.leaders21.com\/wp-content\/uploads\/Header3_EN-scaled.jpg\",\"datePublished\":\"2025-01-29T15:52:29+00:00\",\"description\":\"Buche dir einen kostenlosen Beratungstermin mit den Expert:innen von Leaders21 zum Thema Personalentwicklung und 21st Century Skills Development.\",\"inLanguage\":\"de\",\"potentialAction\":[{\"@type\":\"ReadAction\",\"target\":[\"https:\/\/www.leaders21.com\/de\/partner-introvideo\/\"]}]},{\"@type\":\"ImageObject\",\"inLanguage\":\"de\",\"@id\":\"https:\/\/www.leaders21.com\/de\/partner-introvideo\/#primaryimage\",\"url\":\"https:\/\/www.leaders21.com\/wp-content\/uploads\/Header3_EN-scaled.jpg\",\"contentUrl\":\"https:\/\/www.leaders21.com\/wp-content\/uploads\/Header3_EN-scaled.jpg\",\"width\":2560,\"height\":1707,\"caption\":\"Leaders21 - Personalentwicklung und\"},{\"@type\":\"WebSite\",\"@id\":\"https:\/\/www.leaders21.com\/de\/#website\",\"url\":\"https:\/\/www.leaders21.com\/de\/\",\"name\":\"Leaders21\",\"description\":\"\",\"publisher\":{\"@id\":\"https:\/\/www.leaders21.com\/de\/#organization\"},\"potentialAction\":[{\"@type\":\"SearchAction\",\"target\":{\"@type\":\"EntryPoint\",\"urlTemplate\":\"https:\/\/www.leaders21.com\/de\/?s={search_term_string}\"},\"query-input\":{\"@type\":\"PropertyValueSpecification\",\"valueRequired\":true,\"valueName\":\"search_term_string\"}}],\"inLanguage\":\"de\"},{\"@type\":\"Organization\",\"@id\":\"https:\/\/www.leaders21.com\/de\/#organization\",\"name\":\"Leaders21\",\"url\":\"https:\/\/www.leaders21.com\/de\/\",\"logo\":{\"@type\":\"ImageObject\",\"inLanguage\":\"de\",\"@id\":\"https:\/\/www.leaders21.com\/de\/#\/schema\/logo\/image\/\",\"url\":\"https:\/\/www.leaders21.com\/wp-content\/uploads\/leaders21-logo-horizontal-transparent-300x80-1.png\",\"contentUrl\":\"https:\/\/www.leaders21.com\/wp-content\/uploads\/leaders21-logo-horizontal-transparent-300x80-1.png\",\"width\":350,\"height\":80,\"caption\":\"Leaders21\"},\"image\":{\"@id\":\"https:\/\/www.leaders21.com\/de\/#\/schema\/logo\/image\/\"},\"sameAs\":[\"https:\/\/www.facebook.com\/Leaders21com\",\"https:\/\/www.instagram.com\/leaders21com\/\",\"https:\/\/www.linkedin.com\/company\/leaders21com\",\"https:\/\/www.youtube.com\/channel\/UCZG2JyyRknDawylccNWHPlQ\"]}]}<\/script>\n<!-- \/ Yoast SEO plugin. -->","yoast_head_json":{"title":"Introvideo Leaders21 Partner - Leaders21","description":"Buche dir einen kostenlosen Beratungstermin mit den Expert:innen von Leaders21 zum Thema Personalentwicklung und 21st Century Skills Development.","robots":{"index":"index","follow":"follow","max-snippet":"max-snippet:-1","max-image-preview":"max-image-preview:large","max-video-preview":"max-video-preview:-1"},"canonical":"https:\/\/www.leaders21.com\/de\/partner-introvideo\/","og_locale":"de_DE","og_type":"article","og_title":"Introvideo Leaders21 Partner - Leaders21","og_description":"Buche dir einen kostenlosen Beratungstermin mit den Expert:innen von Leaders21 zum Thema Personalentwicklung und 21st Century Skills Development.","og_url":"https:\/\/www.leaders21.com\/de\/partner-introvideo\/","og_site_name":"Leaders21","article_publisher":"https:\/\/www.facebook.com\/Leaders21com","og_image":[{"width":2560,"height":1707,"url":"https:\/\/www.leaders21.com\/wp-content\/uploads\/Header3_EN-scaled.jpg","type":"image\/jpeg"}],"twitter_card":"summary_large_image","twitter_misc":{"Gesch\u00e4tzte Lesezeit":"2\u00a0Minuten"},"schema":{"@context":"https:\/\/schema.org","@graph":[{"@type":"WebPage","@id":"https:\/\/www.leaders21.com\/de\/partner-introvideo\/","url":"https:\/\/www.leaders21.com\/de\/partner-introvideo\/","name":"Introvideo Leaders21 Partner - Leaders21","isPartOf":{"@id":"https:\/\/www.leaders21.com\/de\/#website"},"primaryImageOfPage":{"@id":"https:\/\/www.leaders21.com\/de\/partner-introvideo\/#primaryimage"},"image":{"@id":"https:\/\/www.leaders21.com\/de\/partner-introvideo\/#primaryimage"},"thumbnailUrl":"https:\/\/www.leaders21.com\/wp-content\/uploads\/Header3_EN-scaled.jpg","datePublished":"2025-01-29T15:52:29+00:00","description":"Buche dir einen kostenlosen Beratungstermin mit den Expert:innen von Leaders21 zum Thema Personalentwicklung und 21st Century Skills Development.","inLanguage":"de","potentialAction":[{"@type":"ReadAction","target":["https:\/\/www.leaders21.com\/de\/partner-introvideo\/"]}]},{"@type":"ImageObject","inLanguage":"de","@id":"https:\/\/www.leaders21.com\/de\/partner-introvideo\/#primaryimage","url":"https:\/\/www.leaders21.com\/wp-content\/uploads\/Header3_EN-scaled.jpg","contentUrl":"https:\/\/www.leaders21.com\/wp-content\/uploads\/Header3_EN-scaled.jpg","width":2560,"height":1707,"caption":"Leaders21 - Personalentwicklung und"},{"@type":"WebSite","@id":"https:\/\/www.leaders21.com\/de\/#website","url":"https:\/\/www.leaders21.com\/de\/","name":"Leaders21","description":"","publisher":{"@id":"https:\/\/www.leaders21.com\/de\/#organization"},"potentialAction":[{"@type":"SearchAction","target":{"@type":"EntryPoint","urlTemplate":"https:\/\/www.leaders21.com\/de\/?s={search_term_string}"},"query-input":{"@type":"PropertyValueSpecification","valueRequired":true,"valueName":"search_term_string"}}],"inLanguage":"de"},{"@type":"Organization","@id":"https:\/\/www.leaders21.com\/de\/#organization","name":"Leaders21","url":"https:\/\/www.leaders21.com\/de\/","logo":{"@type":"ImageObject","inLanguage":"de","@id":"https:\/\/www.leaders21.com\/de\/#\/schema\/logo\/image\/","url":"https:\/\/www.leaders21.com\/wp-content\/uploads\/leaders21-logo-horizontal-transparent-300x80-1.png","contentUrl":"https:\/\/www.leaders21.com\/wp-content\/uploads\/leaders21-logo-horizontal-transparent-300x80-1.png","width":350,"height":80,"caption":"Leaders21"},"image":{"@id":"https:\/\/www.leaders21.com\/de\/#\/schema\/logo\/image\/"},"sameAs":["https:\/\/www.facebook.com\/Leaders21com","https:\/\/www.instagram.com\/leaders21com\/","https:\/\/www.linkedin.com\/company\/leaders21com","https:\/\/www.youtube.com\/channel\/UCZG2JyyRknDawylccNWHPlQ"]}]}},"_links":{"self":[{"href":"https:\/\/www.leaders21.com\/de\/wp-json\/wp\/v2\/pages\/99141","targetHints":{"allow":["GET"]}}],"collection":[{"href":"https:\/\/www.leaders21.com\/de\/wp-json\/wp\/v2\/pages"}],"about":[{"href":"https:\/\/www.leaders21.com\/de\/wp-json\/wp\/v2\/types\/page"}],"author":[{"embeddable":true,"href":"https:\/\/www.leaders21.com\/de\/wp-json\/wp\/v2\/users\/22"}],"replies":[{"embeddable":true,"href":"https:\/\/www.leaders21.com\/de\/wp-json\/wp\/v2\/comments?post=99141"}],"version-history":[{"count":37,"href":"https:\/\/www.leaders21.com\/de\/wp-json\/wp\/v2\/pages\/99141\/revisions"}],"predecessor-version":[{"id":99272,"href":"https:\/\/www.leaders21.com\/de\/wp-json\/wp\/v2\/pages\/99141\/revisions\/99272"}],"wp:featuredmedia":[{"embeddable":true,"href":"https:\/\/www.leaders21.com\/de\/wp-json\/wp\/v2\/media\/89922"}],"wp:attachment":[{"href":"https:\/\/www.leaders21.com\/de\/wp-json\/wp\/v2\/media?parent=99141"}],"curies":[{"name":"wp","href":"https:\/\/api.w.org\/{rel}","templated":true}]}}