{"id":88925,"date":"2022-08-10T14:28:02","date_gmt":"2022-08-10T12:28:02","guid":{"rendered":"https:\/\/www.leaders21.com\/?page_id=88925"},"modified":"2022-08-10T14:28:02","modified_gmt":"2022-08-10T12:28:02","slug":"leaders21-kompetenzen-und-skills","status":"publish","type":"page","link":"https:\/\/www.leaders21.com\/de\/leaders21-kompetenzen-und-skills\/","title":{"rendered":"21st Century Skill Modell"},"content":{"rendered":"<div class=\"wpb-content-wrapper\"><p>[vc_row][vc_column width=&#8220;1\/1&#8243;][vc_column_text uncode_shortcode_id=&#8220;690412&#8243;]<\/p>\n<h2>FAQ: Was sind Kompetenzen und Skills bei Leaders21?<\/h2>\n<p><strong>In unserem 21st Century Skill Modell findest du 7 Kompetenzen mit jeweils 3 Skills. Wir m\u00f6chten hier kurz erl\u00e4utern warum wir diese beiden Begriffe verwenden und was wir darunter verstehen.<\/strong><\/p>\n<h3>Leaders21 Skills<\/h3>\n<p><span style=\"font-weight: 400;\">Skills kann aus dem Englischen als F\u00e4higkeit, Fertigkeit oder K\u00f6nnen \u00fcbersetzt werden. Ohne jetzt eine akademische Diskussion vom Zaun zu brechen: Ja, es gibt nat\u00fcrlich Unterschiede zwischen diesen drei Begriffen. Der eine gilt als angeboren, kann aber auch angelernt werden, und der andere wird durch Talent und Begabung beeinflusst. Auch wenn wissenschaftlich nicht ganz korrekt, betrachten wir im Rahmen der Leaders21 Diskurse beim Begriff \u201eSkills\u201c F\u00e4higkeiten und Fertigkeiten als <strong>Dinge, die es gilt zu lernen und anzuwenden<\/strong>. Dementsprechend findest du &#8222;sei resilient&#8220; und &#8222;investiere in Beziehungen&#8220; genauso wie &#8222;denke digital&#8220; und &#8222;kommuniziere&#8220; in unserem 21st Century Skill Modell.<\/span><\/p>\n<h3>Leaders21 Kompetenzen<\/h3>\n<p><span style=\"font-weight: 400;\">Der gravierende Unterschied kommt mit den \u201cKompetenzen\u201d ins Spiel. Von einer Kompetenz sprechen wir dann, wenn diese Skills dem Menschen in seinem Leben voll zur Verf\u00fcgung stehen, um daraus eigene Schl\u00fcsse ziehen zu k\u00f6nnen oder aber auch andere, neue Interpretationen daraus abzuleiten. Mit einer Kompetenz k\u00f6nnen <strong>alle gewonnen Kenntnisse und Verhaltensweisen so verbunden werden, dass daraus Individuelles entstehen kann<\/strong>. Das hei\u00dft, dass die Vielfalt an Inputs, Erfahrungen und Wissen aus den Skills &#8222;sei selbstreflektiert&#8220;, &#8222;sei achtsam&#8220; und &#8222;sei resilient&#8220; in der dazugeh\u00f6rigen Kompetenz AWARENESS zusammenlaufen.\u00a0<\/span><\/p>\n<h3>21st Century Skill Modell<\/h3>\n<p>Wie bereits erw\u00e4hnt finden sich alle <strong>7 Kompetenzen<\/strong> und insgesamt <strong>21 Skills<\/strong> in dem von uns entwickelten 21st Century Skill Modell. Dies bildet die Grundlage f\u00fcr deine <strong>pers\u00f6nliche Weiterentwicklung<\/strong> &#8211; als Mitarbeiter:in oder Leader:in &#8211; und findet sich nicht nur auf unserer <strong>Mindset &amp; Skill Development Platform<\/strong>, sondern auch in unseren Trainings &amp; Coachings wieder.<\/p>\n<p>&nbsp;<\/p>\n<p><img decoding=\"async\" class=\" aligncenter\" src=\"https:\/\/www.leaders21.com\/wp-content\/uploads\/21CenturySkillModel_Consulting_de_leaders-1.png\" width=\"625\" height=\"625\" \/>[\/vc_column_text][\/vc_column][\/vc_row]<\/p>\n<\/div>","protected":false},"excerpt":{"rendered":"<p>[vc_row][vc_column width=&#8220;1\/1&#8243;][vc_column_text uncode_shortcode_id=&#8220;690412&#8243;] FAQ: Was sind Kompetenzen und Skills bei Leaders21? In unserem 21st Century Skill Modell findest du 7 [&hellip;]<\/p>\n","protected":false},"author":17,"featured_media":88939,"parent":0,"menu_order":0,"comment_status":"closed","ping_status":"closed","template":"","meta":{"content-type":"","footnotes":""},"class_list":["post-88925","page","type-page","status-publish","has-post-thumbnail","hentry"],"yoast_head":"<!-- This site is optimized with the Yoast SEO plugin v25.2 - https:\/\/yoast.com\/wordpress\/plugins\/seo\/ -->\n<title>21st Century Skill Modell - Leaders21<\/title>\n<meta name=\"description\" content=\"7 Kompetenzen, jeweils 3 Skills - Wir erl\u00e4utern was wir genau unter den Begriffen in unserem 21st Century Skill Modell verstehen.\" \/>\n<meta name=\"robots\" content=\"index, follow, max-snippet:-1, max-image-preview:large, max-video-preview:-1\" \/>\n<link rel=\"canonical\" href=\"https:\/\/www.leaders21.com\/de\/leaders21-kompetenzen-und-skills\/\" \/>\n<meta property=\"og:locale\" content=\"de_DE\" \/>\n<meta property=\"og:type\" content=\"article\" \/>\n<meta property=\"og:title\" content=\"21st Century Skill Modell - Leaders21\" \/>\n<meta property=\"og:description\" content=\"7 Kompetenzen, jeweils 3 Skills - Wir erl\u00e4utern was wir genau unter den Begriffen in unserem 21st Century Skill Modell verstehen.\" \/>\n<meta property=\"og:url\" content=\"https:\/\/www.leaders21.com\/de\/leaders21-kompetenzen-und-skills\/\" \/>\n<meta property=\"og:site_name\" content=\"Leaders21\" \/>\n<meta property=\"article:publisher\" content=\"https:\/\/www.facebook.com\/Leaders21com\" \/>\n<meta property=\"og:image\" content=\"https:\/\/www.leaders21.com\/wp-content\/uploads\/21CenturySkillModel_Consulting_de_leaders-1.png\" \/>\n\t<meta property=\"og:image:width\" content=\"1080\" \/>\n\t<meta property=\"og:image:height\" content=\"1080\" \/>\n\t<meta property=\"og:image:type\" content=\"image\/png\" \/>\n<meta name=\"twitter:card\" content=\"summary_large_image\" \/>\n<meta name=\"twitter:label1\" content=\"Gesch\u00e4tzte Lesezeit\" \/>\n\t<meta name=\"twitter:data1\" content=\"2\u00a0Minuten\" \/>\n<script type=\"application\/ld+json\" class=\"yoast-schema-graph\">{\"@context\":\"https:\/\/schema.org\",\"@graph\":[{\"@type\":\"WebPage\",\"@id\":\"https:\/\/www.leaders21.com\/de\/leaders21-kompetenzen-und-skills\/\",\"url\":\"https:\/\/www.leaders21.com\/de\/leaders21-kompetenzen-und-skills\/\",\"name\":\"21st Century Skill Modell - Leaders21\",\"isPartOf\":{\"@id\":\"https:\/\/www.leaders21.com\/de\/#website\"},\"primaryImageOfPage\":{\"@id\":\"https:\/\/www.leaders21.com\/de\/leaders21-kompetenzen-und-skills\/#primaryimage\"},\"image\":{\"@id\":\"https:\/\/www.leaders21.com\/de\/leaders21-kompetenzen-und-skills\/#primaryimage\"},\"thumbnailUrl\":\"https:\/\/www.leaders21.com\/wp-content\/uploads\/21CenturySkillModel_Consulting_de_leaders-1.png\",\"datePublished\":\"2022-08-10T12:28:02+00:00\",\"description\":\"7 Kompetenzen, jeweils 3 Skills - Wir erl\u00e4utern was wir genau unter den Begriffen in unserem 21st Century Skill Modell verstehen.\",\"inLanguage\":\"de\",\"potentialAction\":[{\"@type\":\"ReadAction\",\"target\":[\"https:\/\/www.leaders21.com\/de\/leaders21-kompetenzen-und-skills\/\"]}]},{\"@type\":\"ImageObject\",\"inLanguage\":\"de\",\"@id\":\"https:\/\/www.leaders21.com\/de\/leaders21-kompetenzen-und-skills\/#primaryimage\",\"url\":\"https:\/\/www.leaders21.com\/wp-content\/uploads\/21CenturySkillModel_Consulting_de_leaders-1.png\",\"contentUrl\":\"https:\/\/www.leaders21.com\/wp-content\/uploads\/21CenturySkillModel_Consulting_de_leaders-1.png\",\"width\":1080,\"height\":1080},{\"@type\":\"WebSite\",\"@id\":\"https:\/\/www.leaders21.com\/de\/#website\",\"url\":\"https:\/\/www.leaders21.com\/de\/\",\"name\":\"Leaders21\",\"description\":\"\",\"publisher\":{\"@id\":\"https:\/\/www.leaders21.com\/de\/#organization\"},\"potentialAction\":[{\"@type\":\"SearchAction\",\"target\":{\"@type\":\"EntryPoint\",\"urlTemplate\":\"https:\/\/www.leaders21.com\/de\/?s={search_term_string}\"},\"query-input\":{\"@type\":\"PropertyValueSpecification\",\"valueRequired\":true,\"valueName\":\"search_term_string\"}}],\"inLanguage\":\"de\"},{\"@type\":\"Organization\",\"@id\":\"https:\/\/www.leaders21.com\/de\/#organization\",\"name\":\"Leaders21\",\"url\":\"https:\/\/www.leaders21.com\/de\/\",\"logo\":{\"@type\":\"ImageObject\",\"inLanguage\":\"de\",\"@id\":\"https:\/\/www.leaders21.com\/de\/#\/schema\/logo\/image\/\",\"url\":\"https:\/\/www.leaders21.com\/wp-content\/uploads\/leaders21-logo-horizontal-transparent-300x80-1.png\",\"contentUrl\":\"https:\/\/www.leaders21.com\/wp-content\/uploads\/leaders21-logo-horizontal-transparent-300x80-1.png\",\"width\":350,\"height\":80,\"caption\":\"Leaders21\"},\"image\":{\"@id\":\"https:\/\/www.leaders21.com\/de\/#\/schema\/logo\/image\/\"},\"sameAs\":[\"https:\/\/www.facebook.com\/Leaders21com\",\"https:\/\/www.instagram.com\/leaders21com\/\",\"https:\/\/www.linkedin.com\/company\/leaders21com\",\"https:\/\/www.youtube.com\/channel\/UCZG2JyyRknDawylccNWHPlQ\"]}]}<\/script>\n<!-- \/ Yoast SEO plugin. -->","yoast_head_json":{"title":"21st Century Skill Modell - Leaders21","description":"7 Kompetenzen, jeweils 3 Skills - Wir erl\u00e4utern was wir genau unter den Begriffen in unserem 21st Century Skill Modell verstehen.","robots":{"index":"index","follow":"follow","max-snippet":"max-snippet:-1","max-image-preview":"max-image-preview:large","max-video-preview":"max-video-preview:-1"},"canonical":"https:\/\/www.leaders21.com\/de\/leaders21-kompetenzen-und-skills\/","og_locale":"de_DE","og_type":"article","og_title":"21st Century Skill Modell - Leaders21","og_description":"7 Kompetenzen, jeweils 3 Skills - Wir erl\u00e4utern was wir genau unter den Begriffen in unserem 21st Century Skill Modell verstehen.","og_url":"https:\/\/www.leaders21.com\/de\/leaders21-kompetenzen-und-skills\/","og_site_name":"Leaders21","article_publisher":"https:\/\/www.facebook.com\/Leaders21com","og_image":[{"width":1080,"height":1080,"url":"https:\/\/www.leaders21.com\/wp-content\/uploads\/21CenturySkillModel_Consulting_de_leaders-1.png","type":"image\/png"}],"twitter_card":"summary_large_image","twitter_misc":{"Gesch\u00e4tzte Lesezeit":"2\u00a0Minuten"},"schema":{"@context":"https:\/\/schema.org","@graph":[{"@type":"WebPage","@id":"https:\/\/www.leaders21.com\/de\/leaders21-kompetenzen-und-skills\/","url":"https:\/\/www.leaders21.com\/de\/leaders21-kompetenzen-und-skills\/","name":"21st Century Skill Modell - Leaders21","isPartOf":{"@id":"https:\/\/www.leaders21.com\/de\/#website"},"primaryImageOfPage":{"@id":"https:\/\/www.leaders21.com\/de\/leaders21-kompetenzen-und-skills\/#primaryimage"},"image":{"@id":"https:\/\/www.leaders21.com\/de\/leaders21-kompetenzen-und-skills\/#primaryimage"},"thumbnailUrl":"https:\/\/www.leaders21.com\/wp-content\/uploads\/21CenturySkillModel_Consulting_de_leaders-1.png","datePublished":"2022-08-10T12:28:02+00:00","description":"7 Kompetenzen, jeweils 3 Skills - Wir erl\u00e4utern was wir genau unter den Begriffen in unserem 21st Century Skill Modell verstehen.","inLanguage":"de","potentialAction":[{"@type":"ReadAction","target":["https:\/\/www.leaders21.com\/de\/leaders21-kompetenzen-und-skills\/"]}]},{"@type":"ImageObject","inLanguage":"de","@id":"https:\/\/www.leaders21.com\/de\/leaders21-kompetenzen-und-skills\/#primaryimage","url":"https:\/\/www.leaders21.com\/wp-content\/uploads\/21CenturySkillModel_Consulting_de_leaders-1.png","contentUrl":"https:\/\/www.leaders21.com\/wp-content\/uploads\/21CenturySkillModel_Consulting_de_leaders-1.png","width":1080,"height":1080},{"@type":"WebSite","@id":"https:\/\/www.leaders21.com\/de\/#website","url":"https:\/\/www.leaders21.com\/de\/","name":"Leaders21","description":"","publisher":{"@id":"https:\/\/www.leaders21.com\/de\/#organization"},"potentialAction":[{"@type":"SearchAction","target":{"@type":"EntryPoint","urlTemplate":"https:\/\/www.leaders21.com\/de\/?s={search_term_string}"},"query-input":{"@type":"PropertyValueSpecification","valueRequired":true,"valueName":"search_term_string"}}],"inLanguage":"de"},{"@type":"Organization","@id":"https:\/\/www.leaders21.com\/de\/#organization","name":"Leaders21","url":"https:\/\/www.leaders21.com\/de\/","logo":{"@type":"ImageObject","inLanguage":"de","@id":"https:\/\/www.leaders21.com\/de\/#\/schema\/logo\/image\/","url":"https:\/\/www.leaders21.com\/wp-content\/uploads\/leaders21-logo-horizontal-transparent-300x80-1.png","contentUrl":"https:\/\/www.leaders21.com\/wp-content\/uploads\/leaders21-logo-horizontal-transparent-300x80-1.png","width":350,"height":80,"caption":"Leaders21"},"image":{"@id":"https:\/\/www.leaders21.com\/de\/#\/schema\/logo\/image\/"},"sameAs":["https:\/\/www.facebook.com\/Leaders21com","https:\/\/www.instagram.com\/leaders21com\/","https:\/\/www.linkedin.com\/company\/leaders21com","https:\/\/www.youtube.com\/channel\/UCZG2JyyRknDawylccNWHPlQ"]}]}},"_links":{"self":[{"href":"https:\/\/www.leaders21.com\/de\/wp-json\/wp\/v2\/pages\/88925","targetHints":{"allow":["GET"]}}],"collection":[{"href":"https:\/\/www.leaders21.com\/de\/wp-json\/wp\/v2\/pages"}],"about":[{"href":"https:\/\/www.leaders21.com\/de\/wp-json\/wp\/v2\/types\/page"}],"author":[{"embeddable":true,"href":"https:\/\/www.leaders21.com\/de\/wp-json\/wp\/v2\/users\/17"}],"replies":[{"embeddable":true,"href":"https:\/\/www.leaders21.com\/de\/wp-json\/wp\/v2\/comments?post=88925"}],"version-history":[{"count":0,"href":"https:\/\/www.leaders21.com\/de\/wp-json\/wp\/v2\/pages\/88925\/revisions"}],"wp:featuredmedia":[{"embeddable":true,"href":"https:\/\/www.leaders21.com\/de\/wp-json\/wp\/v2\/media\/88939"}],"wp:attachment":[{"href":"https:\/\/www.leaders21.com\/de\/wp-json\/wp\/v2\/media?parent=88925"}],"curies":[{"name":"wp","href":"https:\/\/api.w.org\/{rel}","templated":true}]}}