{"id":86957,"date":"2022-01-24T13:21:26","date_gmt":"2022-01-24T12:21:26","guid":{"rendered":"https:\/\/www.leaders21.com\/?page_id=86957"},"modified":"2023-11-10T10:43:02","modified_gmt":"2023-11-10T09:43:02","slug":"dein-5-minuten-journal","status":"publish","type":"page","link":"https:\/\/www.leaders21.com\/de\/dein-5-minuten-journal\/","title":{"rendered":"Dein 5 Minuten Journal"},"content":{"rendered":"<div class=\"wpb-content-wrapper\"><p>[vc_row][vc_column width=&#8220;1\/1&#8243;][vc_custom_heading uncode_shortcode_id=&#8220;940584&#8243;]21st Century Skill &#8222;sei selbstreflektiert&#8220;[\/vc_custom_heading][vc_column_text uncode_shortcode_id=&#8220;108012&#8220;]<\/p>\n<p class=\"p2\"><span class=\"s1\">Bei Selbstreflexion handelt es sich um die F\u00e4higkeit, sich selbst bewusst wahrzunehmen, zu beobachten und zu analysieren.<\/span><\/p>\n<p class=\"p2\"><span class=\"s1\">Dein Alltag, ob beruflich oder privat, ist gepr\u00e4gt von Interaktionen mit anderen Menschen, im Job mit deinem Team, und Handlungen aller Art. Diese sind mal einfach, mal schwierig \u2013 sie haben aber eines gemeinsam: Sie haben immer Auswirkungen, sowohl auf andere als auch auf dich selbst.<\/span><\/p>\n<p>[\/vc_column_text][vc_empty_space empty_h=&#8220;2&#8243;][vc_custom_heading heading_semantic=&#8220;h3&#8243; text_size=&#8220;h3&#8243; uncode_shortcode_id=&#8220;799195&#8243;]Selbstreflexion lohnt sich[\/vc_custom_heading][vc_column_text uncode_shortcode_id=&#8220;487955&#8243;]<\/p>\n<p class=\"p2\"><span class=\"s1\">Mit Selbstreflexion geht inneres Wachstum einher. Wenn du dich und dein Verhalten regelm\u00e4\u00dfig hinterfragst, beh\u00e4ltst du in Konfliktsituationen einen k\u00fchlen Kopf, weil du genau wei\u00dft, was dich antreibt oder triggert. So kannst du dein Verhalten leichter kontrollieren und steuern. Wenn du dich selbst kennst, bist du auch in der Lage Entscheidungen zu treffen, die dir gut tun. Du bleibst authentisch, verlierst dich nicht in den Zw\u00e4ngen der Au\u00dfenwelt \u2013 und lebst somit selbstbestimmter und gl\u00fccklicher. Super Sache \u2013 aber wie funktioniert das Ganze nun konkret?<\/span><\/p>\n<p>[\/vc_column_text][vc_empty_space empty_h=&#8220;2&#8243;][vc_custom_heading heading_semantic=&#8220;h3&#8243; text_size=&#8220;h3&#8243; uncode_shortcode_id=&#8220;756456&#8243;]Reflektiere deinen Tag[\/vc_custom_heading][vc_column_text uncode_shortcode_id=&#8220;211414&#8243;]<\/p>\n<p class=\"p2\"><span class=\"s1\">Nimm dir bewusst Zeit, deinen Tag zu reflektieren. &#8222;Was habe ich heute gut gemacht?&#8220; ist manchmal eine wirklich schwer zu beantwortende Frage. Denn sei ehrlich! Du bist am kritischsten zu dir selbst! Denk aber auch dar\u00fcber nach, wof\u00fcr du heute dankbar bist und was du am Ende des Tages machen m\u00f6chtest, damit dieser ein gutes Ende findet.<\/span><\/p>\n<p>[\/vc_column_text][vc_empty_space empty_h=&#8220;2&#8243;][vc_custom_heading heading_semantic=&#8220;h3&#8243; text_size=&#8220;h3&#8243; uncode_shortcode_id=&#8220;114154&#8243;]Dein 5 Minuten Journal[\/vc_custom_heading][vc_column_text uncode_shortcode_id=&#8220;139006&#8243;]<\/p>\n<p class=\"p2\"><span class=\"s1\">Versuche jeden Nachmittag oder Abend f\u00fcnf Minuten den bereits verstrichenen Tag zu <a href=\"https:\/\/www.leaders21.com\/de\/blog\/selfcare-isnt-selfish-5-tipps-fuer-gesunden-egoismus-fuer-leaderinnen\"><span class=\"s2\">reflektieren<\/span><\/a> und nutze dazu das 5 Minuten Journal. Schreibe nieder, was dir als erstes dazu in den Sinn kommt.<\/span><\/p>\n<p class=\"p2\"><span class=\"s1\">Du wirst sehen, dass ein Fehler oder eine herausfordernde Erfahrung nicht deinen ganzen Tag negativ beeinflusst.<\/span><\/p>\n<p>[\/vc_column_text][vc_button border_width=&#8220;0&#8243; link=&#8220;url:https%3A%2F%2Fwww.leaders21.com%2Fwp-content%2Fuploads%2F5MinuteJournal_Leaders21.pdf&#8220; uncode_shortcode_id=&#8220;451663&#8243;]Hier findest du dein 5 Minuten Journal[\/vc_button][\/vc_column][\/vc_row]<\/p>\n<\/div>","protected":false},"excerpt":{"rendered":"<p>[vc_row][vc_column width=&#8220;1\/1&#8243;][vc_custom_heading uncode_shortcode_id=&#8220;940584&#8243;]21st Century Skill &#8222;sei selbstreflektiert&#8220;[\/vc_custom_heading][vc_column_text uncode_shortcode_id=&#8220;108012&#8220;] Bei Selbstreflexion handelt es sich um die F\u00e4higkeit, sich selbst bewusst wahrzunehmen, [&hellip;]<\/p>\n","protected":false},"author":11,"featured_media":0,"parent":0,"menu_order":0,"comment_status":"closed","ping_status":"closed","template":"","meta":{"content-type":"","footnotes":""},"class_list":["post-86957","page","type-page","status-publish","hentry"],"yoast_head":"<!-- This site is optimized with the Yoast SEO plugin v25.2 - https:\/\/yoast.com\/wordpress\/plugins\/seo\/ -->\n<title>Dein 5 Minuten Journal - Leaders21<\/title>\n<meta name=\"description\" content=\"Setzt du dir auch Ziele f\u00fcr 2022, die nicht nur dein Arbeitsleben betreffen, sondern auch dein Privatleben oder deine Gesundheit?\" \/>\n<meta name=\"robots\" content=\"index, follow, max-snippet:-1, max-image-preview:large, max-video-preview:-1\" \/>\n<link rel=\"canonical\" href=\"https:\/\/www.leaders21.com\/de\/dein-5-minuten-journal\/\" \/>\n<meta property=\"og:locale\" content=\"de_DE\" \/>\n<meta property=\"og:type\" content=\"article\" \/>\n<meta property=\"og:title\" content=\"Dein 5 Minuten Journal - Leaders21\" \/>\n<meta property=\"og:description\" content=\"Setzt du dir auch Ziele f\u00fcr 2022, die nicht nur dein Arbeitsleben betreffen, sondern auch dein Privatleben oder deine Gesundheit?\" \/>\n<meta property=\"og:url\" content=\"https:\/\/www.leaders21.com\/de\/dein-5-minuten-journal\/\" \/>\n<meta property=\"og:site_name\" content=\"Leaders21\" \/>\n<meta property=\"article:publisher\" content=\"https:\/\/www.facebook.com\/Leaders21com\" \/>\n<meta property=\"article:modified_time\" content=\"2023-11-10T09:43:02+00:00\" \/>\n<meta name=\"twitter:card\" content=\"summary_large_image\" \/>\n<meta name=\"twitter:label1\" content=\"Gesch\u00e4tzte Lesezeit\" \/>\n\t<meta name=\"twitter:data1\" content=\"2\u00a0Minuten\" \/>\n<script type=\"application\/ld+json\" class=\"yoast-schema-graph\">{\"@context\":\"https:\/\/schema.org\",\"@graph\":[{\"@type\":\"WebPage\",\"@id\":\"https:\/\/www.leaders21.com\/de\/dein-5-minuten-journal\/\",\"url\":\"https:\/\/www.leaders21.com\/de\/dein-5-minuten-journal\/\",\"name\":\"Dein 5 Minuten Journal - Leaders21\",\"isPartOf\":{\"@id\":\"https:\/\/www.leaders21.com\/de\/#website\"},\"datePublished\":\"2022-01-24T12:21:26+00:00\",\"dateModified\":\"2023-11-10T09:43:02+00:00\",\"description\":\"Setzt du dir auch Ziele f\u00fcr 2022, die nicht nur dein Arbeitsleben betreffen, sondern auch dein Privatleben oder deine Gesundheit?\",\"inLanguage\":\"de\",\"potentialAction\":[{\"@type\":\"ReadAction\",\"target\":[\"https:\/\/www.leaders21.com\/de\/dein-5-minuten-journal\/\"]}]},{\"@type\":\"WebSite\",\"@id\":\"https:\/\/www.leaders21.com\/de\/#website\",\"url\":\"https:\/\/www.leaders21.com\/de\/\",\"name\":\"Leaders21\",\"description\":\"\",\"publisher\":{\"@id\":\"https:\/\/www.leaders21.com\/de\/#organization\"},\"potentialAction\":[{\"@type\":\"SearchAction\",\"target\":{\"@type\":\"EntryPoint\",\"urlTemplate\":\"https:\/\/www.leaders21.com\/de\/?s={search_term_string}\"},\"query-input\":{\"@type\":\"PropertyValueSpecification\",\"valueRequired\":true,\"valueName\":\"search_term_string\"}}],\"inLanguage\":\"de\"},{\"@type\":\"Organization\",\"@id\":\"https:\/\/www.leaders21.com\/de\/#organization\",\"name\":\"Leaders21\",\"url\":\"https:\/\/www.leaders21.com\/de\/\",\"logo\":{\"@type\":\"ImageObject\",\"inLanguage\":\"de\",\"@id\":\"https:\/\/www.leaders21.com\/de\/#\/schema\/logo\/image\/\",\"url\":\"https:\/\/www.leaders21.com\/wp-content\/uploads\/leaders21-logo-horizontal-transparent-300x80-1.png\",\"contentUrl\":\"https:\/\/www.leaders21.com\/wp-content\/uploads\/leaders21-logo-horizontal-transparent-300x80-1.png\",\"width\":350,\"height\":80,\"caption\":\"Leaders21\"},\"image\":{\"@id\":\"https:\/\/www.leaders21.com\/de\/#\/schema\/logo\/image\/\"},\"sameAs\":[\"https:\/\/www.facebook.com\/Leaders21com\",\"https:\/\/www.instagram.com\/leaders21com\/\",\"https:\/\/www.linkedin.com\/company\/leaders21com\",\"https:\/\/www.youtube.com\/channel\/UCZG2JyyRknDawylccNWHPlQ\"]}]}<\/script>\n<!-- \/ Yoast SEO plugin. -->","yoast_head_json":{"title":"Dein 5 Minuten Journal - Leaders21","description":"Setzt du dir auch Ziele f\u00fcr 2022, die nicht nur dein Arbeitsleben betreffen, sondern auch dein Privatleben oder deine Gesundheit?","robots":{"index":"index","follow":"follow","max-snippet":"max-snippet:-1","max-image-preview":"max-image-preview:large","max-video-preview":"max-video-preview:-1"},"canonical":"https:\/\/www.leaders21.com\/de\/dein-5-minuten-journal\/","og_locale":"de_DE","og_type":"article","og_title":"Dein 5 Minuten Journal - Leaders21","og_description":"Setzt du dir auch Ziele f\u00fcr 2022, die nicht nur dein Arbeitsleben betreffen, sondern auch dein Privatleben oder deine Gesundheit?","og_url":"https:\/\/www.leaders21.com\/de\/dein-5-minuten-journal\/","og_site_name":"Leaders21","article_publisher":"https:\/\/www.facebook.com\/Leaders21com","article_modified_time":"2023-11-10T09:43:02+00:00","twitter_card":"summary_large_image","twitter_misc":{"Gesch\u00e4tzte Lesezeit":"2\u00a0Minuten"},"schema":{"@context":"https:\/\/schema.org","@graph":[{"@type":"WebPage","@id":"https:\/\/www.leaders21.com\/de\/dein-5-minuten-journal\/","url":"https:\/\/www.leaders21.com\/de\/dein-5-minuten-journal\/","name":"Dein 5 Minuten Journal - Leaders21","isPartOf":{"@id":"https:\/\/www.leaders21.com\/de\/#website"},"datePublished":"2022-01-24T12:21:26+00:00","dateModified":"2023-11-10T09:43:02+00:00","description":"Setzt du dir auch Ziele f\u00fcr 2022, die nicht nur dein Arbeitsleben betreffen, sondern auch dein Privatleben oder deine Gesundheit?","inLanguage":"de","potentialAction":[{"@type":"ReadAction","target":["https:\/\/www.leaders21.com\/de\/dein-5-minuten-journal\/"]}]},{"@type":"WebSite","@id":"https:\/\/www.leaders21.com\/de\/#website","url":"https:\/\/www.leaders21.com\/de\/","name":"Leaders21","description":"","publisher":{"@id":"https:\/\/www.leaders21.com\/de\/#organization"},"potentialAction":[{"@type":"SearchAction","target":{"@type":"EntryPoint","urlTemplate":"https:\/\/www.leaders21.com\/de\/?s={search_term_string}"},"query-input":{"@type":"PropertyValueSpecification","valueRequired":true,"valueName":"search_term_string"}}],"inLanguage":"de"},{"@type":"Organization","@id":"https:\/\/www.leaders21.com\/de\/#organization","name":"Leaders21","url":"https:\/\/www.leaders21.com\/de\/","logo":{"@type":"ImageObject","inLanguage":"de","@id":"https:\/\/www.leaders21.com\/de\/#\/schema\/logo\/image\/","url":"https:\/\/www.leaders21.com\/wp-content\/uploads\/leaders21-logo-horizontal-transparent-300x80-1.png","contentUrl":"https:\/\/www.leaders21.com\/wp-content\/uploads\/leaders21-logo-horizontal-transparent-300x80-1.png","width":350,"height":80,"caption":"Leaders21"},"image":{"@id":"https:\/\/www.leaders21.com\/de\/#\/schema\/logo\/image\/"},"sameAs":["https:\/\/www.facebook.com\/Leaders21com","https:\/\/www.instagram.com\/leaders21com\/","https:\/\/www.linkedin.com\/company\/leaders21com","https:\/\/www.youtube.com\/channel\/UCZG2JyyRknDawylccNWHPlQ"]}]}},"_links":{"self":[{"href":"https:\/\/www.leaders21.com\/de\/wp-json\/wp\/v2\/pages\/86957","targetHints":{"allow":["GET"]}}],"collection":[{"href":"https:\/\/www.leaders21.com\/de\/wp-json\/wp\/v2\/pages"}],"about":[{"href":"https:\/\/www.leaders21.com\/de\/wp-json\/wp\/v2\/types\/page"}],"author":[{"embeddable":true,"href":"https:\/\/www.leaders21.com\/de\/wp-json\/wp\/v2\/users\/11"}],"replies":[{"embeddable":true,"href":"https:\/\/www.leaders21.com\/de\/wp-json\/wp\/v2\/comments?post=86957"}],"version-history":[{"count":2,"href":"https:\/\/www.leaders21.com\/de\/wp-json\/wp\/v2\/pages\/86957\/revisions"}],"predecessor-version":[{"id":96196,"href":"https:\/\/www.leaders21.com\/de\/wp-json\/wp\/v2\/pages\/86957\/revisions\/96196"}],"wp:attachment":[{"href":"https:\/\/www.leaders21.com\/de\/wp-json\/wp\/v2\/media?parent=86957"}],"curies":[{"name":"wp","href":"https:\/\/api.w.org\/{rel}","templated":true}]}}