{"id":86770,"date":"2021-12-17T16:10:38","date_gmt":"2021-12-17T15:10:38","guid":{"rendered":"https:\/\/www.leaders21.com\/?page_id=86770"},"modified":"2023-12-11T09:23:52","modified_gmt":"2023-12-11T08:23:52","slug":"die-etwas-anderen-ziele-fuer-2024","status":"publish","type":"page","link":"https:\/\/www.leaders21.com\/de\/die-etwas-anderen-ziele-fuer-2024\/","title":{"rendered":"Die etwas anderen Ziele f\u00fcr 2024"},"content":{"rendered":"<div class=\"wpb-content-wrapper\"><p>[vc_row][vc_column][vc_column_text uncode_shortcode_id=&#8220;803722&#8243;]<strong>Wir laden dich hiermit ein, die etwas anderen Ziele f\u00fcr 2024 zu entwickeln und haben ein paar Tipps f\u00fcr dich:<\/strong><\/p>\n<p><span style=\"font-weight: 400;\">Wir sind es gewohnt, Ziele im Businesskontext zu formulieren, z.B. j\u00e4hrliche Umsatzziele und damit verkn\u00fcpfte Budgetvorgaben oder in Form von <a href=\"https:\/\/www.leaders21.com\/de\/services\/okrs\/\">Objectives and Key Results<\/a> (OKRs). <\/span><span style=\"font-weight: 400;\">Setzt du dir aber auch Ziele, die nicht nur dein Arbeitsleben betreffen, sondern auch dein soziales Leben oder deine Gesundheit? Nein? Dann probiere es doch dieses Jahr einmal aus.<\/span>[\/vc_column_text][vc_column_text uncode_shortcode_id=&#8220;112023&#8243;]<\/p>\n<h3>Deine pers\u00f6nlichen Ziele f\u00fcr 2024<\/h3>\n<p><span style=\"font-weight: 400;\">Bei der Entwicklung von Zielen ist es wichtig, diese aufzuschreiben, da sie durch die bewusste Formulierung l\u00e4nger in unserer Erinnerung bleiben und auch zu mehr Commitment f\u00fchren. <\/span><\/p>\n<p><span style=\"font-weight: 400;\">Damit das mit der Erinnerung auch wirklich funktioniert, empfehlen wir dir, deine ausformulierten Ziele an einem gut sichtbaren Ort in Papierform aufzuh\u00e4ngen. Das kann der K\u00fchlschrank, die Familien-Pinnwand, ein Platz in deinem B\u00fcro, die Toilettent\u00fcr oder eine andere Stelle sein, die f\u00fcr dich am besten passt.<\/span><\/p>\n<p><span style=\"font-weight: 400;\"> Wichtig dabei ist, dass du deine Ziele immer wieder siehst, liest und abhaken oder adjustieren kannst. <\/span><\/p>\n<p><span style=\"font-weight: 400;\">Du wei\u00dft nicht, wie du es angehen sollst? Kein Problem. Schnapp dir dieses Template und starte durch:\u00a0<\/span>[\/vc_column_text][vc_button border_width=&#8220;0&#8243; uncode_shortcode_id=&#8220;180084&#8243; link=&#8220;url:https%3A%2F%2Fwww.leaders21.com%2Fwp-content%2Fuploads%2FMy-personal-goals-2024_Leaders21.pdf&#8220;]Hier findest du eine praktische Vorlage f\u00fcr die Formulierung deiner pers\u00f6nlichen Ziele f\u00fcr 2024.[\/vc_button][vc_column_text uncode_shortcode_id=&#8220;180343&#8243;]<span style=\"font-weight: 400;\">Viel Spa\u00df und Erfolg beim Erarbeiten deiner Ziele f\u00fcr 2024<\/span><span style=\"font-weight: 400;\">!<\/span>[\/vc_column_text][\/vc_column][\/vc_row]<\/p>\n<\/div>","protected":false},"excerpt":{"rendered":"<p>[vc_row][vc_column][vc_column_text uncode_shortcode_id=&#8220;803722&#8243;]Wir laden dich hiermit ein, die etwas anderen Ziele f\u00fcr 2024 zu entwickeln und haben ein paar Tipps f\u00fcr [&hellip;]<\/p>\n","protected":false},"author":1,"featured_media":96382,"parent":0,"menu_order":0,"comment_status":"closed","ping_status":"closed","template":"","meta":{"content-type":"","footnotes":""},"class_list":["post-86770","page","type-page","status-publish","has-post-thumbnail","hentry"],"yoast_head":"<!-- This site is optimized with the Yoast SEO plugin v25.2 - https:\/\/yoast.com\/wordpress\/plugins\/seo\/ -->\n<title>Die etwas anderen Ziele f\u00fcr 2024 - Leaders21<\/title>\n<meta name=\"description\" content=\"Setzt du dir auch Ziele f\u00fcr 2024, die nicht nur dein Arbeitsleben betreffen, sondern auch dein Privatleben oder deine Gesundheit?\" \/>\n<meta name=\"robots\" content=\"index, follow, max-snippet:-1, max-image-preview:large, max-video-preview:-1\" \/>\n<link rel=\"canonical\" href=\"https:\/\/www.leaders21.com\/de\/die-etwas-anderen-ziele-fuer-2024\/\" \/>\n<meta property=\"og:locale\" content=\"de_DE\" \/>\n<meta property=\"og:type\" content=\"article\" \/>\n<meta property=\"og:title\" content=\"Die etwas anderen Ziele f\u00fcr 2024 - Leaders21\" \/>\n<meta property=\"og:description\" content=\"Setzt du dir auch Ziele f\u00fcr 2024, die nicht nur dein Arbeitsleben betreffen, sondern auch dein Privatleben oder deine Gesundheit?\" \/>\n<meta property=\"og:url\" content=\"https:\/\/www.leaders21.com\/de\/die-etwas-anderen-ziele-fuer-2024\/\" \/>\n<meta property=\"og:site_name\" content=\"Leaders21\" \/>\n<meta property=\"article:publisher\" content=\"https:\/\/www.facebook.com\/Leaders21com\" \/>\n<meta property=\"article:modified_time\" content=\"2023-12-11T08:23:52+00:00\" \/>\n<meta property=\"og:image\" content=\"https:\/\/www.leaders21.com\/wp-content\/uploads\/boliviainteligente-YekX7uezmwY-unsplash-scaled.jpg\" \/>\n\t<meta property=\"og:image:width\" content=\"2560\" \/>\n\t<meta property=\"og:image:height\" content=\"1600\" \/>\n\t<meta property=\"og:image:type\" content=\"image\/jpeg\" \/>\n<meta name=\"twitter:card\" content=\"summary_large_image\" \/>\n<meta name=\"twitter:label1\" content=\"Gesch\u00e4tzte Lesezeit\" \/>\n\t<meta name=\"twitter:data1\" content=\"2\u00a0Minuten\" \/>\n<script type=\"application\/ld+json\" class=\"yoast-schema-graph\">{\"@context\":\"https:\/\/schema.org\",\"@graph\":[{\"@type\":\"WebPage\",\"@id\":\"https:\/\/www.leaders21.com\/de\/die-etwas-anderen-ziele-fuer-2024\/\",\"url\":\"https:\/\/www.leaders21.com\/de\/die-etwas-anderen-ziele-fuer-2024\/\",\"name\":\"Die etwas anderen Ziele f\u00fcr 2024 - Leaders21\",\"isPartOf\":{\"@id\":\"https:\/\/www.leaders21.com\/de\/#website\"},\"primaryImageOfPage\":{\"@id\":\"https:\/\/www.leaders21.com\/de\/die-etwas-anderen-ziele-fuer-2024\/#primaryimage\"},\"image\":{\"@id\":\"https:\/\/www.leaders21.com\/de\/die-etwas-anderen-ziele-fuer-2024\/#primaryimage\"},\"thumbnailUrl\":\"https:\/\/www.leaders21.com\/wp-content\/uploads\/boliviainteligente-YekX7uezmwY-unsplash-scaled.jpg\",\"datePublished\":\"2021-12-17T15:10:38+00:00\",\"dateModified\":\"2023-12-11T08:23:52+00:00\",\"description\":\"Setzt du dir auch Ziele f\u00fcr 2024, die nicht nur dein Arbeitsleben betreffen, sondern auch dein Privatleben oder deine Gesundheit?\",\"inLanguage\":\"de\",\"potentialAction\":[{\"@type\":\"ReadAction\",\"target\":[\"https:\/\/www.leaders21.com\/de\/die-etwas-anderen-ziele-fuer-2024\/\"]}]},{\"@type\":\"ImageObject\",\"inLanguage\":\"de\",\"@id\":\"https:\/\/www.leaders21.com\/de\/die-etwas-anderen-ziele-fuer-2024\/#primaryimage\",\"url\":\"https:\/\/www.leaders21.com\/wp-content\/uploads\/boliviainteligente-YekX7uezmwY-unsplash-scaled.jpg\",\"contentUrl\":\"https:\/\/www.leaders21.com\/wp-content\/uploads\/boliviainteligente-YekX7uezmwY-unsplash-scaled.jpg\",\"width\":2560,\"height\":1600},{\"@type\":\"WebSite\",\"@id\":\"https:\/\/www.leaders21.com\/de\/#website\",\"url\":\"https:\/\/www.leaders21.com\/de\/\",\"name\":\"Leaders21\",\"description\":\"\",\"publisher\":{\"@id\":\"https:\/\/www.leaders21.com\/de\/#organization\"},\"potentialAction\":[{\"@type\":\"SearchAction\",\"target\":{\"@type\":\"EntryPoint\",\"urlTemplate\":\"https:\/\/www.leaders21.com\/de\/?s={search_term_string}\"},\"query-input\":{\"@type\":\"PropertyValueSpecification\",\"valueRequired\":true,\"valueName\":\"search_term_string\"}}],\"inLanguage\":\"de\"},{\"@type\":\"Organization\",\"@id\":\"https:\/\/www.leaders21.com\/de\/#organization\",\"name\":\"Leaders21\",\"url\":\"https:\/\/www.leaders21.com\/de\/\",\"logo\":{\"@type\":\"ImageObject\",\"inLanguage\":\"de\",\"@id\":\"https:\/\/www.leaders21.com\/de\/#\/schema\/logo\/image\/\",\"url\":\"https:\/\/www.leaders21.com\/wp-content\/uploads\/leaders21-logo-horizontal-transparent-300x80-1.png\",\"contentUrl\":\"https:\/\/www.leaders21.com\/wp-content\/uploads\/leaders21-logo-horizontal-transparent-300x80-1.png\",\"width\":350,\"height\":80,\"caption\":\"Leaders21\"},\"image\":{\"@id\":\"https:\/\/www.leaders21.com\/de\/#\/schema\/logo\/image\/\"},\"sameAs\":[\"https:\/\/www.facebook.com\/Leaders21com\",\"https:\/\/www.instagram.com\/leaders21com\/\",\"https:\/\/www.linkedin.com\/company\/leaders21com\",\"https:\/\/www.youtube.com\/channel\/UCZG2JyyRknDawylccNWHPlQ\"]}]}<\/script>\n<!-- \/ Yoast SEO plugin. -->","yoast_head_json":{"title":"Die etwas anderen Ziele f\u00fcr 2024 - Leaders21","description":"Setzt du dir auch Ziele f\u00fcr 2024, die nicht nur dein Arbeitsleben betreffen, sondern auch dein Privatleben oder deine Gesundheit?","robots":{"index":"index","follow":"follow","max-snippet":"max-snippet:-1","max-image-preview":"max-image-preview:large","max-video-preview":"max-video-preview:-1"},"canonical":"https:\/\/www.leaders21.com\/de\/die-etwas-anderen-ziele-fuer-2024\/","og_locale":"de_DE","og_type":"article","og_title":"Die etwas anderen Ziele f\u00fcr 2024 - Leaders21","og_description":"Setzt du dir auch Ziele f\u00fcr 2024, die nicht nur dein Arbeitsleben betreffen, sondern auch dein Privatleben oder deine Gesundheit?","og_url":"https:\/\/www.leaders21.com\/de\/die-etwas-anderen-ziele-fuer-2024\/","og_site_name":"Leaders21","article_publisher":"https:\/\/www.facebook.com\/Leaders21com","article_modified_time":"2023-12-11T08:23:52+00:00","og_image":[{"width":2560,"height":1600,"url":"https:\/\/www.leaders21.com\/wp-content\/uploads\/boliviainteligente-YekX7uezmwY-unsplash-scaled.jpg","type":"image\/jpeg"}],"twitter_card":"summary_large_image","twitter_misc":{"Gesch\u00e4tzte Lesezeit":"2\u00a0Minuten"},"schema":{"@context":"https:\/\/schema.org","@graph":[{"@type":"WebPage","@id":"https:\/\/www.leaders21.com\/de\/die-etwas-anderen-ziele-fuer-2024\/","url":"https:\/\/www.leaders21.com\/de\/die-etwas-anderen-ziele-fuer-2024\/","name":"Die etwas anderen Ziele f\u00fcr 2024 - Leaders21","isPartOf":{"@id":"https:\/\/www.leaders21.com\/de\/#website"},"primaryImageOfPage":{"@id":"https:\/\/www.leaders21.com\/de\/die-etwas-anderen-ziele-fuer-2024\/#primaryimage"},"image":{"@id":"https:\/\/www.leaders21.com\/de\/die-etwas-anderen-ziele-fuer-2024\/#primaryimage"},"thumbnailUrl":"https:\/\/www.leaders21.com\/wp-content\/uploads\/boliviainteligente-YekX7uezmwY-unsplash-scaled.jpg","datePublished":"2021-12-17T15:10:38+00:00","dateModified":"2023-12-11T08:23:52+00:00","description":"Setzt du dir auch Ziele f\u00fcr 2024, die nicht nur dein Arbeitsleben betreffen, sondern auch dein Privatleben oder deine Gesundheit?","inLanguage":"de","potentialAction":[{"@type":"ReadAction","target":["https:\/\/www.leaders21.com\/de\/die-etwas-anderen-ziele-fuer-2024\/"]}]},{"@type":"ImageObject","inLanguage":"de","@id":"https:\/\/www.leaders21.com\/de\/die-etwas-anderen-ziele-fuer-2024\/#primaryimage","url":"https:\/\/www.leaders21.com\/wp-content\/uploads\/boliviainteligente-YekX7uezmwY-unsplash-scaled.jpg","contentUrl":"https:\/\/www.leaders21.com\/wp-content\/uploads\/boliviainteligente-YekX7uezmwY-unsplash-scaled.jpg","width":2560,"height":1600},{"@type":"WebSite","@id":"https:\/\/www.leaders21.com\/de\/#website","url":"https:\/\/www.leaders21.com\/de\/","name":"Leaders21","description":"","publisher":{"@id":"https:\/\/www.leaders21.com\/de\/#organization"},"potentialAction":[{"@type":"SearchAction","target":{"@type":"EntryPoint","urlTemplate":"https:\/\/www.leaders21.com\/de\/?s={search_term_string}"},"query-input":{"@type":"PropertyValueSpecification","valueRequired":true,"valueName":"search_term_string"}}],"inLanguage":"de"},{"@type":"Organization","@id":"https:\/\/www.leaders21.com\/de\/#organization","name":"Leaders21","url":"https:\/\/www.leaders21.com\/de\/","logo":{"@type":"ImageObject","inLanguage":"de","@id":"https:\/\/www.leaders21.com\/de\/#\/schema\/logo\/image\/","url":"https:\/\/www.leaders21.com\/wp-content\/uploads\/leaders21-logo-horizontal-transparent-300x80-1.png","contentUrl":"https:\/\/www.leaders21.com\/wp-content\/uploads\/leaders21-logo-horizontal-transparent-300x80-1.png","width":350,"height":80,"caption":"Leaders21"},"image":{"@id":"https:\/\/www.leaders21.com\/de\/#\/schema\/logo\/image\/"},"sameAs":["https:\/\/www.facebook.com\/Leaders21com","https:\/\/www.instagram.com\/leaders21com\/","https:\/\/www.linkedin.com\/company\/leaders21com","https:\/\/www.youtube.com\/channel\/UCZG2JyyRknDawylccNWHPlQ"]}]}},"_links":{"self":[{"href":"https:\/\/www.leaders21.com\/de\/wp-json\/wp\/v2\/pages\/86770","targetHints":{"allow":["GET"]}}],"collection":[{"href":"https:\/\/www.leaders21.com\/de\/wp-json\/wp\/v2\/pages"}],"about":[{"href":"https:\/\/www.leaders21.com\/de\/wp-json\/wp\/v2\/types\/page"}],"author":[{"embeddable":true,"href":"https:\/\/www.leaders21.com\/de\/wp-json\/wp\/v2\/users\/1"}],"replies":[{"embeddable":true,"href":"https:\/\/www.leaders21.com\/de\/wp-json\/wp\/v2\/comments?post=86770"}],"version-history":[{"count":3,"href":"https:\/\/www.leaders21.com\/de\/wp-json\/wp\/v2\/pages\/86770\/revisions"}],"predecessor-version":[{"id":96387,"href":"https:\/\/www.leaders21.com\/de\/wp-json\/wp\/v2\/pages\/86770\/revisions\/96387"}],"wp:featuredmedia":[{"embeddable":true,"href":"https:\/\/www.leaders21.com\/de\/wp-json\/wp\/v2\/media\/96382"}],"wp:attachment":[{"href":"https:\/\/www.leaders21.com\/de\/wp-json\/wp\/v2\/media?parent=86770"}],"curies":[{"name":"wp","href":"https:\/\/api.w.org\/{rel}","templated":true}]}}