{"id":86223,"date":"2021-09-02T11:27:43","date_gmt":"2021-09-02T09:27:43","guid":{"rendered":"https:\/\/www.leaders21.com\/?page_id=86223"},"modified":"2025-06-03T10:00:56","modified_gmt":"2025-06-03T08:00:56","slug":"team","status":"publish","type":"page","link":"https:\/\/www.leaders21.com\/de\/team\/","title":{"rendered":"Team"},"content":{"rendered":"<div class=\"wpb-content-wrapper\"><p>[vc_row row_height_percent=&#8220;0&#8243; override_padding=&#8220;yes&#8220; h_padding=&#8220;2&#8243; top_padding=&#8220;7&#8243; bottom_padding=&#8220;7&#8243; back_color=&#8220;l21-blue&#8220; overlay_alpha=&#8220;50&#8243; gutter_size=&#8220;3&#8243; column_width_percent=&#8220;100&#8243; shift_y=&#8220;0&#8243; z_index=&#8220;0&#8243; uncode_shortcode_id=&#8220;181113&#8243; back_color_type=&#8220;uncode-palette&#8220; el_class=&#8220;l21-header&#8220;][vc_column column_width_percent=&#8220;100&#8243; position_horizontal=&#8220;left&#8220; position_vertical=&#8220;middle&#8220; gutter_size=&#8220;2&#8243; style=&#8220;dark&#8220; overlay_alpha=&#8220;50&#8243; shift_x=&#8220;0&#8243; shift_y=&#8220;0&#8243; shift_y_down=&#8220;0&#8243; z_index=&#8220;0&#8243; medium_width=&#8220;0&#8243; mobile_width=&#8220;0&#8243; width=&#8220;1\/2&#8243; uncode_shortcode_id=&#8220;119573&#8243;][vc_custom_heading heading_semantic=&#8220;h1&#8243; text_size=&#8220;h1&#8243; uncode_shortcode_id=&#8220;213501&#8243;]Wir sind <mark>Leaders21<\/mark>[\/vc_custom_heading][vc_column_text uncode_shortcode_id=&#8220;188033&#8243;]Wir sind ein Team aus Unternehmensgr\u00fcnder:innen, Business Angels, Leadership &amp; HR-Expert:innen, Agile Coaches, Data Analysts, Zertifizierte Trainer:innen &amp; Coaches, Generation X,Y &amp; Z, Digital Natives,\u2026 und F\u00fchrungskr\u00e4fte mit langj\u00e4hriger Erfahrung in den unterschiedlichsten Ebenen und Branchen.<\/p>\n<p>&nbsp;<\/p>\n<p>Du willst uns pers\u00f6nlich kennenlernen? Triff uns in unseren Co-Working-Spaces in Wien und Linz oder gerne auch <a href=\"https:\/\/www.leaders21.com\/de\/kontakt\/\">online<\/a>.[\/vc_column_text][vc_button size=&#8220;btn-link&#8220; scale_mobile=&#8220;no&#8220; uncode_shortcode_id=&#8220;917352&#8243; link=&#8220;url:%23joboffers&#8220;]Jobangebote anzeigen[\/vc_button][\/vc_column][vc_column column_width_percent=&#8220;100&#8243; position_horizontal=&#8220;left&#8220; position_vertical=&#8220;middle&#8220; gutter_size=&#8220;3&#8243; overlay_alpha=&#8220;50&#8243; shift_x=&#8220;0&#8243; shift_y=&#8220;0&#8243; shift_y_down=&#8220;0&#8243; z_index=&#8220;0&#8243; medium_width=&#8220;0&#8243; mobile_width=&#8220;0&#8243; width=&#8220;1\/2&#8243; uncode_shortcode_id=&#8220;168430&#8243;][vc_single_image dynamic=&#8220;yes&#8220; media_width_percent=&#8220;100&#8243; media_ratio=&#8220;sixteen-nine&#8220; shape=&#8220;img-round&#8220; radius=&#8220;lg&#8220; uncode_shortcode_id=&#8220;853364&#8243;][\/vc_column][\/vc_row][vc_row row_height_percent=&#8220;0&#8243; override_padding=&#8220;yes&#8220; h_padding=&#8220;2&#8243; top_padding=&#8220;3&#8243; bottom_padding=&#8220;3&#8243; back_color=&#8220;l21-red&#8220; overlay_alpha=&#8220;50&#8243; gutter_size=&#8220;3&#8243; column_width_percent=&#8220;100&#8243; shift_y=&#8220;0&#8243; z_index=&#8220;0&#8243; uncode_shortcode_id=&#8220;363844&#8243; back_color_type=&#8220;uncode-palette&#8220;][vc_column column_width_percent=&#8220;100&#8243; align_horizontal=&#8220;align_center&#8220; gutter_size=&#8220;3&#8243; style=&#8220;dark&#8220; overlay_alpha=&#8220;50&#8243; shift_x=&#8220;0&#8243; shift_y=&#8220;0&#8243; shift_y_down=&#8220;0&#8243; z_index=&#8220;0&#8243; medium_width=&#8220;0&#8243; mobile_width=&#8220;0&#8243; width=&#8220;1\/1&#8243; uncode_shortcode_id=&#8220;875716&#8243;][vc_column_text text_color=&#8220;l21-white&#8220; uncode_shortcode_id=&#8220;534676&#8243; text_color_type=&#8220;uncode-palette&#8220;]Wir sind ein diverses Team, haben jedoch eines gemeinsam: <em>Wir alle glauben an die <span style=\"font-weight: bold;\">Leaders21 Vision<\/span>!<\/em><\/p>\n<h2>Wir gestalten die zuk\u00fcnftige Welt des Arbeitens indem wir<br \/>\nMenschen und Organisationen 21<sup>st<\/sup> Century Skills vermitteln.<\/h2>\n<p>[\/vc_column_text][\/vc_column][\/vc_row][vc_row row_height_percent=&#8220;0&#8243; overlay_alpha=&#8220;50&#8243; gutter_size=&#8220;3&#8243; column_width_percent=&#8220;100&#8243; shift_y=&#8220;0&#8243; z_index=&#8220;0&#8243; uncode_shortcode_id=&#8220;405779&#8243;][vc_column column_width_percent=&#8220;100&#8243; align_horizontal=&#8220;align_center&#8220; gutter_size=&#8220;3&#8243; override_padding=&#8220;yes&#8220; column_padding=&#8220;2&#8243; overlay_alpha=&#8220;50&#8243; shift_x=&#8220;0&#8243; shift_y=&#8220;0&#8243; shift_y_down=&#8220;0&#8243; z_index=&#8220;0&#8243; medium_width=&#8220;0&#8243; mobile_width=&#8220;0&#8243; width=&#8220;1\/1&#8243; uncode_shortcode_id=&#8220;212469&#8243;][vc_custom_heading uncode_shortcode_id=&#8220;208767&#8243;]Founders[\/vc_custom_heading][uncode_index el_id=&#8220;index-112373&#8243; isotope_mode=&#8220;fitRows&#8220; loop=&#8220;size:5|order_by:title|post_type:team|tax_query:173|taxonomy_count:10&#8243; screen_lg=&#8220;1000&#8243; screen_md=&#8220;600&#8243; screen_sm=&#8220;480&#8243; gutter_size=&#8220;3&#8243; team_items=&#8220;media|featured|onpost|original,title,text|excerpt&#8220; single_width=&#8220;15&#8243; single_shape=&#8220;round&#8220; radius=&#8220;std&#8220; single_overlay_opacity=&#8220;50&#8243; single_overlay_anim=&#8220;no&#8220; single_secondary=&#8220;yes&#8220; single_h_align=&#8220;center&#8220; single_h_align_mobile=&#8220;center&#8220; single_padding=&#8220;2&#8243; single_title_semantic=&#8220;div&#8220; single_title_family=&#8220;48&#8243; single_title_dimension=&#8220;h4&#8243; single_title_transform=&#8220;capitalize&#8220; single_text_lead=&#8220;small&#8220; single_border=&#8220;yes&#8220; single_css_animation=&#8220;zoom-in&#8220; single_animation_delay=&#8220;100&#8243; uncode_shortcode_id=&#8220;355018&#8243;][\/vc_column][\/vc_row][vc_row][vc_column column_width_percent=&#8220;100&#8243; align_horizontal=&#8220;align_center&#8220; gutter_size=&#8220;3&#8243; overlay_alpha=&#8220;50&#8243; shift_x=&#8220;0&#8243; shift_y=&#8220;0&#8243; shift_y_down=&#8220;0&#8243; z_index=&#8220;0&#8243; medium_width=&#8220;0&#8243; mobile_width=&#8220;0&#8243; width=&#8220;1\/1&#8243; uncode_shortcode_id=&#8220;375038&#8243;][vc_custom_heading uncode_shortcode_id=&#8220;210738&#8243;]Team[\/vc_custom_heading][uncode_index el_id=&#8220;index-112373&#8243; isotope_mode=&#8220;fitRows&#8220; loop=&#8220;size:40|order_by:date|order:ASC|post_type:team|tax_query:176,278|taxonomy_count:10&#8243; screen_lg=&#8220;1000&#8243; screen_md=&#8220;600&#8243; screen_sm=&#8220;480&#8243; gutter_size=&#8220;3&#8243; team_items=&#8220;media|featured|onpost|original,title,text|excerpt&#8220; single_width=&#8220;15&#8243; single_shape=&#8220;round&#8220; radius=&#8220;std&#8220; single_overlay_opacity=&#8220;50&#8243; single_overlay_anim=&#8220;no&#8220; single_secondary=&#8220;yes&#8220; single_h_align=&#8220;center&#8220; single_h_align_mobile=&#8220;center&#8220; single_padding=&#8220;2&#8243; single_title_dimension=&#8220;h4&#8243; single_text_lead=&#8220;small&#8220; single_border=&#8220;yes&#8220; single_css_animation=&#8220;zoom-in&#8220; single_animation_delay=&#8220;100&#8243; custom_order=&#8220;yes&#8220; uncode_shortcode_id=&#8220;338192&#8243; order_ids=&#8220;83932,83930,83926,86254,85706,96874,97999,83931,86070,83933,85703,86257,86255,87962,87942,87940,87943,87937,90973,92113,92523&#8243; items=&#8220;eyI4MzkyOV9pIjp7InNpbmdsZV9saW5rIjoidXJsOmh0dHBzJTNBJTJGJTJGd3d3LmxlYWRlcnMyMS5jb20lMkZkZSUyRmpvYnMifX0=&#8220;][\/vc_column][\/vc_row][vc_row row_height_percent=&#8220;0&#8243; override_padding=&#8220;yes&#8220; h_padding=&#8220;2&#8243; top_padding=&#8220;4&#8243; bottom_padding=&#8220;4&#8243; back_color=&#8220;l21-blue&#8220; overlay_alpha=&#8220;50&#8243; gutter_size=&#8220;3&#8243; column_width_percent=&#8220;100&#8243; shift_y=&#8220;0&#8243; z_index=&#8220;0&#8243; row_name=&#8220;joboffers&#8220; uncode_shortcode_id=&#8220;143041&#8243; back_color_type=&#8220;uncode-palette&#8220;][vc_column column_width_percent=&#8220;100&#8243; align_horizontal=&#8220;align_center&#8220; gutter_size=&#8220;3&#8243; style=&#8220;dark&#8220; overlay_alpha=&#8220;50&#8243; shift_x=&#8220;0&#8243; shift_y=&#8220;0&#8243; shift_y_down=&#8220;0&#8243; z_index=&#8220;0&#8243; medium_width=&#8220;0&#8243; mobile_width=&#8220;0&#8243; width=&#8220;1\/1&#8243;][vc_custom_heading text_height=&#8220;fontheight-357766&#8243; css_animation=&#8220;bottom-t-top&#8220; animation_delay=&#8220;400&#8243; uncode_shortcode_id=&#8220;170029&#8243;]Offene Jobs \u2013\u00a0wir suchen DICH[\/vc_custom_heading][uncode_index el_id=&#8220;index-657622&#8243; index_type=&#8220;css_grid&#8220; loop=&#8220;order_by:date|post_type:jobs|taxonomy_count:10&#8243; grid_items=&#8220;3&#8243; screen_lg_items=&#8220;2&#8243; screen_lg_breakpoint=&#8220;960&#8243; screen_md_items=&#8220;2&#8243; screen_md_breakpoint=&#8220;570&#8243; screen_sm_items=&#8220;1&#8243; screen_sm_breakpoint=&#8220;480&#8243; gutter_size=&#8220;3&#8243; jobs_items=&#8220;media|featured|onpost|original,icon|xl,title,detail-210808,detail-189684,link|link|default_size|scale_mobile|Details ansehen&#8220; single_overlay_opacity=&#8220;1&#8243; single_overlay_visible=&#8220;yes&#8220; single_overlay_anim=&#8220;no&#8220; single_padding=&#8220;2&#8243; single_title_semantic=&#8220;h4&#8243; single_title_dimension=&#8220;h4&#8243; single_border=&#8220;yes&#8220; single_css_animation=&#8220;bottom-t-top&#8220; single_animation_delay=&#8220;200&#8243; single_icon=&#8220;fa fa-handshake-o&#8220; uncode_shortcode_id=&#8220;949951&#8243; el_class=&#8220;blog-posts&#8220;][vc_empty_space empty_h=&#8220;3&#8243;][vc_custom_heading heading_semantic=&#8220;h3&#8243; text_size=&#8220;h5&#8243; text_transform=&#8220;uppercase&#8220; uncode_shortcode_id=&#8220;167823&#8243;]Interessiert?[\/vc_custom_heading][vc_custom_heading text_height=&#8220;fontheight-357766&#8243; uncode_shortcode_id=&#8220;777278&#8243;]Schick uns deine Bewerbung an&#8230;[\/vc_custom_heading][vc_button border_width=&#8220;0&#8243; display=&#8220;inline&#8220; link=&#8220;url:mailto%3Ajobs%40leaders21.com&#8220; el_id=&#8220;job-email-button&#8220; uncode_shortcode_id=&#8220;181290&#8243;]jobs@leaders21.com [\/vc_button][\/vc_column][\/vc_row]<\/p>\n<\/div>","protected":false},"excerpt":{"rendered":"<p>[vc_row row_height_percent=&#8220;0&#8243; override_padding=&#8220;yes&#8220; h_padding=&#8220;2&#8243; top_padding=&#8220;7&#8243; bottom_padding=&#8220;7&#8243; back_color=&#8220;l21-blue&#8220; overlay_alpha=&#8220;50&#8243; gutter_size=&#8220;3&#8243; column_width_percent=&#8220;100&#8243; shift_y=&#8220;0&#8243; z_index=&#8220;0&#8243; uncode_shortcode_id=&#8220;181113&#8243; back_color_type=&#8220;uncode-palette&#8220; el_class=&#8220;l21-header&#8220;][vc_column column_width_percent=&#8220;100&#8243; position_horizontal=&#8220;left&#8220; position_vertical=&#8220;middle&#8220; gutter_size=&#8220;2&#8243; style=&#8220;dark&#8220; [&hellip;]<\/p>\n","protected":false},"author":12,"featured_media":92079,"parent":0,"menu_order":0,"comment_status":"closed","ping_status":"closed","template":"","meta":{"content-type":"","footnotes":""},"class_list":["post-86223","page","type-page","status-publish","has-post-thumbnail","hentry"],"yoast_head":"<!-- This site is optimized with the Yoast SEO plugin v25.2 - https:\/\/yoast.com\/wordpress\/plugins\/seo\/ -->\n<title>Team - Leaders21<\/title>\n<meta name=\"description\" content=\"Wir sind ein diverses Team mit unterschiedlichen Erfahrungen, haben jedoch eines gemeinsam: Wir alle glauben an die Leaders21 Vision!\" \/>\n<meta name=\"robots\" content=\"index, follow, max-snippet:-1, max-image-preview:large, max-video-preview:-1\" \/>\n<link rel=\"canonical\" href=\"https:\/\/www.leaders21.com\/de\/team\/\" \/>\n<meta property=\"og:locale\" content=\"de_DE\" \/>\n<meta property=\"og:type\" content=\"article\" \/>\n<meta property=\"og:title\" content=\"Team - Leaders21\" \/>\n<meta property=\"og:description\" content=\"Wir sind ein diverses Team mit unterschiedlichen Erfahrungen, haben jedoch eines gemeinsam: Wir alle glauben an die Leaders21 Vision!\" \/>\n<meta property=\"og:url\" content=\"https:\/\/www.leaders21.com\/de\/team\/\" \/>\n<meta property=\"og:site_name\" content=\"Leaders21\" \/>\n<meta property=\"article:publisher\" content=\"https:\/\/www.facebook.com\/Leaders21com\" \/>\n<meta property=\"article:modified_time\" content=\"2025-06-03T08:00:56+00:00\" \/>\n<meta property=\"og:image\" content=\"https:\/\/www.leaders21.com\/wp-content\/uploads\/20210112122820-Leaders21-255-scaled.jpg\" \/>\n\t<meta property=\"og:image:width\" content=\"2560\" \/>\n\t<meta property=\"og:image:height\" content=\"1709\" \/>\n\t<meta property=\"og:image:type\" content=\"image\/jpeg\" \/>\n<meta name=\"twitter:card\" content=\"summary_large_image\" \/>\n<meta name=\"twitter:label1\" content=\"Gesch\u00e4tzte Lesezeit\" \/>\n\t<meta name=\"twitter:data1\" content=\"3\u00a0Minuten\" \/>\n<script type=\"application\/ld+json\" class=\"yoast-schema-graph\">{\"@context\":\"https:\/\/schema.org\",\"@graph\":[{\"@type\":\"WebPage\",\"@id\":\"https:\/\/www.leaders21.com\/de\/team\/\",\"url\":\"https:\/\/www.leaders21.com\/de\/team\/\",\"name\":\"Team - Leaders21\",\"isPartOf\":{\"@id\":\"https:\/\/www.leaders21.com\/de\/#website\"},\"primaryImageOfPage\":{\"@id\":\"https:\/\/www.leaders21.com\/de\/team\/#primaryimage\"},\"image\":{\"@id\":\"https:\/\/www.leaders21.com\/de\/team\/#primaryimage\"},\"thumbnailUrl\":\"https:\/\/www.leaders21.com\/wp-content\/uploads\/20210112122820-Leaders21-255-scaled.jpg\",\"datePublished\":\"2021-09-02T09:27:43+00:00\",\"dateModified\":\"2025-06-03T08:00:56+00:00\",\"description\":\"Wir sind ein diverses Team mit unterschiedlichen Erfahrungen, haben jedoch eines gemeinsam: Wir alle glauben an die Leaders21 Vision!\",\"inLanguage\":\"de\",\"potentialAction\":[{\"@type\":\"ReadAction\",\"target\":[\"https:\/\/www.leaders21.com\/de\/team\/\"]}]},{\"@type\":\"ImageObject\",\"inLanguage\":\"de\",\"@id\":\"https:\/\/www.leaders21.com\/de\/team\/#primaryimage\",\"url\":\"https:\/\/www.leaders21.com\/wp-content\/uploads\/20210112122820-Leaders21-255-scaled.jpg\",\"contentUrl\":\"https:\/\/www.leaders21.com\/wp-content\/uploads\/20210112122820-Leaders21-255-scaled.jpg\",\"width\":2560,\"height\":1709},{\"@type\":\"WebSite\",\"@id\":\"https:\/\/www.leaders21.com\/de\/#website\",\"url\":\"https:\/\/www.leaders21.com\/de\/\",\"name\":\"Leaders21\",\"description\":\"\",\"publisher\":{\"@id\":\"https:\/\/www.leaders21.com\/de\/#organization\"},\"potentialAction\":[{\"@type\":\"SearchAction\",\"target\":{\"@type\":\"EntryPoint\",\"urlTemplate\":\"https:\/\/www.leaders21.com\/de\/?s={search_term_string}\"},\"query-input\":{\"@type\":\"PropertyValueSpecification\",\"valueRequired\":true,\"valueName\":\"search_term_string\"}}],\"inLanguage\":\"de\"},{\"@type\":\"Organization\",\"@id\":\"https:\/\/www.leaders21.com\/de\/#organization\",\"name\":\"Leaders21\",\"url\":\"https:\/\/www.leaders21.com\/de\/\",\"logo\":{\"@type\":\"ImageObject\",\"inLanguage\":\"de\",\"@id\":\"https:\/\/www.leaders21.com\/de\/#\/schema\/logo\/image\/\",\"url\":\"https:\/\/www.leaders21.com\/wp-content\/uploads\/leaders21-logo-horizontal-transparent-300x80-1.png\",\"contentUrl\":\"https:\/\/www.leaders21.com\/wp-content\/uploads\/leaders21-logo-horizontal-transparent-300x80-1.png\",\"width\":350,\"height\":80,\"caption\":\"Leaders21\"},\"image\":{\"@id\":\"https:\/\/www.leaders21.com\/de\/#\/schema\/logo\/image\/\"},\"sameAs\":[\"https:\/\/www.facebook.com\/Leaders21com\",\"https:\/\/www.instagram.com\/leaders21com\/\",\"https:\/\/www.linkedin.com\/company\/leaders21com\",\"https:\/\/www.youtube.com\/channel\/UCZG2JyyRknDawylccNWHPlQ\"]}]}<\/script>\n<!-- \/ Yoast SEO plugin. -->","yoast_head_json":{"title":"Team - Leaders21","description":"Wir sind ein diverses Team mit unterschiedlichen Erfahrungen, haben jedoch eines gemeinsam: Wir alle glauben an die Leaders21 Vision!","robots":{"index":"index","follow":"follow","max-snippet":"max-snippet:-1","max-image-preview":"max-image-preview:large","max-video-preview":"max-video-preview:-1"},"canonical":"https:\/\/www.leaders21.com\/de\/team\/","og_locale":"de_DE","og_type":"article","og_title":"Team - Leaders21","og_description":"Wir sind ein diverses Team mit unterschiedlichen Erfahrungen, haben jedoch eines gemeinsam: Wir alle glauben an die Leaders21 Vision!","og_url":"https:\/\/www.leaders21.com\/de\/team\/","og_site_name":"Leaders21","article_publisher":"https:\/\/www.facebook.com\/Leaders21com","article_modified_time":"2025-06-03T08:00:56+00:00","og_image":[{"width":2560,"height":1709,"url":"https:\/\/www.leaders21.com\/wp-content\/uploads\/20210112122820-Leaders21-255-scaled.jpg","type":"image\/jpeg"}],"twitter_card":"summary_large_image","twitter_misc":{"Gesch\u00e4tzte Lesezeit":"3\u00a0Minuten"},"schema":{"@context":"https:\/\/schema.org","@graph":[{"@type":"WebPage","@id":"https:\/\/www.leaders21.com\/de\/team\/","url":"https:\/\/www.leaders21.com\/de\/team\/","name":"Team - Leaders21","isPartOf":{"@id":"https:\/\/www.leaders21.com\/de\/#website"},"primaryImageOfPage":{"@id":"https:\/\/www.leaders21.com\/de\/team\/#primaryimage"},"image":{"@id":"https:\/\/www.leaders21.com\/de\/team\/#primaryimage"},"thumbnailUrl":"https:\/\/www.leaders21.com\/wp-content\/uploads\/20210112122820-Leaders21-255-scaled.jpg","datePublished":"2021-09-02T09:27:43+00:00","dateModified":"2025-06-03T08:00:56+00:00","description":"Wir sind ein diverses Team mit unterschiedlichen Erfahrungen, haben jedoch eines gemeinsam: Wir alle glauben an die Leaders21 Vision!","inLanguage":"de","potentialAction":[{"@type":"ReadAction","target":["https:\/\/www.leaders21.com\/de\/team\/"]}]},{"@type":"ImageObject","inLanguage":"de","@id":"https:\/\/www.leaders21.com\/de\/team\/#primaryimage","url":"https:\/\/www.leaders21.com\/wp-content\/uploads\/20210112122820-Leaders21-255-scaled.jpg","contentUrl":"https:\/\/www.leaders21.com\/wp-content\/uploads\/20210112122820-Leaders21-255-scaled.jpg","width":2560,"height":1709},{"@type":"WebSite","@id":"https:\/\/www.leaders21.com\/de\/#website","url":"https:\/\/www.leaders21.com\/de\/","name":"Leaders21","description":"","publisher":{"@id":"https:\/\/www.leaders21.com\/de\/#organization"},"potentialAction":[{"@type":"SearchAction","target":{"@type":"EntryPoint","urlTemplate":"https:\/\/www.leaders21.com\/de\/?s={search_term_string}"},"query-input":{"@type":"PropertyValueSpecification","valueRequired":true,"valueName":"search_term_string"}}],"inLanguage":"de"},{"@type":"Organization","@id":"https:\/\/www.leaders21.com\/de\/#organization","name":"Leaders21","url":"https:\/\/www.leaders21.com\/de\/","logo":{"@type":"ImageObject","inLanguage":"de","@id":"https:\/\/www.leaders21.com\/de\/#\/schema\/logo\/image\/","url":"https:\/\/www.leaders21.com\/wp-content\/uploads\/leaders21-logo-horizontal-transparent-300x80-1.png","contentUrl":"https:\/\/www.leaders21.com\/wp-content\/uploads\/leaders21-logo-horizontal-transparent-300x80-1.png","width":350,"height":80,"caption":"Leaders21"},"image":{"@id":"https:\/\/www.leaders21.com\/de\/#\/schema\/logo\/image\/"},"sameAs":["https:\/\/www.facebook.com\/Leaders21com","https:\/\/www.instagram.com\/leaders21com\/","https:\/\/www.linkedin.com\/company\/leaders21com","https:\/\/www.youtube.com\/channel\/UCZG2JyyRknDawylccNWHPlQ"]}]}},"_links":{"self":[{"href":"https:\/\/www.leaders21.com\/de\/wp-json\/wp\/v2\/pages\/86223","targetHints":{"allow":["GET"]}}],"collection":[{"href":"https:\/\/www.leaders21.com\/de\/wp-json\/wp\/v2\/pages"}],"about":[{"href":"https:\/\/www.leaders21.com\/de\/wp-json\/wp\/v2\/types\/page"}],"author":[{"embeddable":true,"href":"https:\/\/www.leaders21.com\/de\/wp-json\/wp\/v2\/users\/12"}],"replies":[{"embeddable":true,"href":"https:\/\/www.leaders21.com\/de\/wp-json\/wp\/v2\/comments?post=86223"}],"version-history":[{"count":12,"href":"https:\/\/www.leaders21.com\/de\/wp-json\/wp\/v2\/pages\/86223\/revisions"}],"predecessor-version":[{"id":99986,"href":"https:\/\/www.leaders21.com\/de\/wp-json\/wp\/v2\/pages\/86223\/revisions\/99986"}],"wp:featuredmedia":[{"embeddable":true,"href":"https:\/\/www.leaders21.com\/de\/wp-json\/wp\/v2\/media\/92079"}],"wp:attachment":[{"href":"https:\/\/www.leaders21.com\/de\/wp-json\/wp\/v2\/media?parent=86223"}],"curies":[{"name":"wp","href":"https:\/\/api.w.org\/{rel}","templated":true}]}}