{"id":85820,"date":"2021-04-22T16:11:18","date_gmt":"2021-04-22T14:11:18","guid":{"rendered":"https:\/\/www.leaders21.com\/?page_id=85820"},"modified":"2025-04-15T09:01:33","modified_gmt":"2025-04-15T07:01:33","slug":"podcast","status":"publish","type":"page","link":"https:\/\/www.leaders21.com\/de\/podcast\/","title":{"rendered":"Leaders21 Podcast hosted by Thomas Kleindessner &#038; Tina Hellensteiner"},"content":{"rendered":"<div class=\"wpb-content-wrapper\"><p>[vc_row][vc_column width=&#8220;1\/2&#8243;][vc_single_image media=&#8220;99842&#8243; dynamic=&#8220;yes&#8220; media_width_percent=&#8220;100&#8243; shape=&#8220;img-round&#8220; radius=&#8220;std&#8220; uncode_shortcode_id=&#8220;167368&#8243;][\/vc_column][vc_column width=&#8220;1\/2&#8243;][vc_custom_heading text_color=&#8220;accent&#8220; heading_semantic=&#8220;h4&#8243; text_size=&#8220;h4&#8243; text_height=&#8220;fontheight-357766&#8243; css_animation=&#8220;bottom-t-top&#8220; uncode_shortcode_id=&#8220;880998&#8243; text_color_type=&#8220;uncode-palette&#8220;]Herzlich Willkommen beim[\/vc_custom_heading][vc_custom_heading heading_semantic=&#8220;h1&#8243; uncode_shortcode_id=&#8220;386369&#8243;]<\/p>\n<h2><strong>Leaders21 <mark>Podcast<\/mark><\/strong><\/h2>\n<p>[\/vc_custom_heading][vc_empty_space empty_h=&#8220;2&#8243;][vc_custom_heading heading_semantic=&#8220;h3&#8243; text_size=&#8220;h3&#8243; uncode_shortcode_id=&#8220;167822&#8243;]Leadership. Pers\u00f6nliche Entwicklung.<\/p>\n<p>21<sup>st<\/sup> Century Skills.[\/vc_custom_heading][vc_column_text uncode_shortcode_id=&#8220;295710&#8243;]<\/p>\n<p class=\"\" data-start=\"237\" data-end=\"601\">Der Leaders21 Podcast ist dein zweiw\u00f6chentlicher Boost f\u00fcr wirksames Leadership und echte Weiterentwicklung.<\/p>\n<p class=\"\" data-start=\"237\" data-end=\"601\">Tina Hellensteiner und Thomas Kleindessner sprechen \u00fcber die entscheidenden Zukunftskompetenzen, teilen Erfahrungen aus der Praxis, holen spannende G\u00e4ste vors Mikro \u2013 und liefern dir am Ende jeder Folge drei klare Takeaways, die du sofort umsetzen kannst &#8211; <strong>ehrlich, praxisnah, inspirierend \u2013 f\u00fcr alle, die Leadership neu denken wollen.<\/strong><\/p>\n<p class=\"\" data-start=\"603\" data-end=\"681\">Wir freuen uns \u00fcber dein Feedback oder Themen-Vorschl\u00e4ge. Schick uns deine Anregungen einfach an <a href=\"mailto:podcast@leaders21.com\">podcast@leaders21.com<\/a>.<\/p>\n<p>[\/vc_column_text][\/vc_column][\/vc_row][vc_row row_height_percent=&#8220;0&#8243; override_padding=&#8220;yes&#8220; h_padding=&#8220;2&#8243; top_padding=&#8220;1&#8243; bottom_padding=&#8220;4&#8243; overlay_alpha=&#8220;50&#8243; gutter_size=&#8220;3&#8243; column_width_percent=&#8220;100&#8243; shift_y=&#8220;0&#8243; z_index=&#8220;0&#8243;][vc_column width=&#8220;1\/1&#8243;][vc_column_text uncode_shortcode_id=&#8220;935713&#8243;]<\/p>\n<h3>\ud83c\udf99\ufe0f <strong data-start=\"687\" data-end=\"701\">Deine Hosts<\/strong><\/h3>\n<p><br data-start=\"701\" data-end=\"704\" \/><strong data-start=\"704\" data-end=\"726\">Tina Hellensteiner<\/strong> ist Leadership-Trainerin mit Leidenschaft, Klarheit und einer guten Portion Humor. Sie begleitet Menschen auf ihrem Weg zu mehr Selbstf\u00fchrung und Wirksamkeit.<\/p>\n<p><a href=\"https:\/\/www.leaders21.com\/de\/team\/tina-hellensteiner\/\">Mehr erfahren.<\/a><\/p>\n<p><br data-start=\"885\" data-end=\"888\" \/><strong data-start=\"888\" data-end=\"911\">Thomas Kleindessner<\/strong>, CEO und Co-Founder von Leaders21, bringt langj\u00e4hrige Erfahrung in Leadership- und Organisationsentwicklung mit \u2013 und den Mut, Dinge anders zu denken und anzupacken.<\/p>\n<p><a href=\"https:\/\/www.leaders21.com\/de\/team\/thomas-kleindessner\/\">Mehr erfahren.<\/a>[\/vc_column_text][\/vc_column][\/vc_row][vc_row][vc_column width=&#8220;1\/1&#8243;][uncode_block id=&#8220;85872&#8243;][\/vc_column][\/vc_row][vc_row row_height_percent=&#8220;0&#8243; override_padding=&#8220;yes&#8220; h_padding=&#8220;2&#8243; top_padding=&#8220;4&#8243; bottom_padding=&#8220;4&#8243; overlay_alpha=&#8220;50&#8243; gutter_size=&#8220;3&#8243; column_width_percent=&#8220;100&#8243; shift_y=&#8220;0&#8243; z_index=&#8220;0&#8243; row_name=&#8220;podcastepisodes&#8220; uncode_shortcode_id=&#8220;178770&#8243;][vc_column column_width_percent=&#8220;100&#8243; gutter_size=&#8220;3&#8243; overlay_alpha=&#8220;50&#8243; shift_x=&#8220;0&#8243; shift_y=&#8220;0&#8243; shift_y_down=&#8220;0&#8243; z_index=&#8220;0&#8243; medium_width=&#8220;0&#8243; mobile_width=&#8220;0&#8243; width=&#8220;1\/1&#8243; uncode_shortcode_id=&#8220;145817&#8243;][vc_row_inner row_inner_height_percent=&#8220;0&#8243; overlay_alpha=&#8220;50&#8243; equal_height=&#8220;yes&#8220; gutter_size=&#8220;3&#8243; shift_y=&#8220;0&#8243; z_index=&#8220;0&#8243; uncode_shortcode_id=&#8220;151020&#8243;][vc_column_inner width=&#8220;1\/4&#8243;][vc_single_image dynamic=&#8220;yes&#8220; media_width_percent=&#8220;100&#8243; shape=&#8220;img-round&#8220; radius=&#8220;std&#8220; uncode_shortcode_id=&#8220;108078&#8243;][\/vc_column_inner][vc_column_inner column_width_percent=&#8220;100&#8243; position_vertical=&#8220;middle&#8220; gutter_size=&#8220;3&#8243; overlay_alpha=&#8220;50&#8243; shift_x=&#8220;0&#8243; shift_y=&#8220;0&#8243; shift_y_down=&#8220;0&#8243; z_index=&#8220;0&#8243; medium_width=&#8220;0&#8243; mobile_width=&#8220;0&#8243; width=&#8220;3\/4&#8243; uncode_shortcode_id=&#8220;423471&#8243;][vc_custom_heading text_color=&#8220;accent&#8220; heading_semantic=&#8220;h4&#8243; text_size=&#8220;h4&#8243; text_height=&#8220;fontheight-357766&#8243; css_animation=&#8220;bottom-t-top&#8220; uncode_shortcode_id=&#8220;106908&#8243; text_color_type=&#8220;uncode-palette&#8220;]\u00dcberblick[\/vc_custom_heading][vc_custom_heading text_height=&#8220;fontheight-357766&#8243; css_animation=&#8220;bottom-t-top&#8220; uncode_shortcode_id=&#8220;490670&#8243;]Aktuelle Episoden[\/vc_custom_heading][\/vc_column_inner][\/vc_row_inner][uncode_index el_id=&#8220;index-6576227&#8243; isotope_mode=&#8220;fitRows&#8220; loop=&#8220;size:All|order_by:date|order:DESC|post_type:podcast|tax_query:-355,-354,-344|taxonomy_count:10&#8243; screen_lg=&#8220;1000&#8243; screen_md=&#8220;600&#8243; screen_sm=&#8220;480&#8243; gutter_size=&#8220;3&#8243; jobs_items=&#8220;media|featured|onpost|original,icon|xl,title,link|link|default_size|Details \u2192,detail-210808,detail-189684&#8243; podcast_items=&#8220;title,media|featured|onpost|original,text|excerpt,link|default|default_size|scale_mobile|Mehr dazu&#8220; single_overlay_opacity=&#8220;1&#8243; single_overlay_visible=&#8220;yes&#8220; single_overlay_anim=&#8220;no&#8220; single_padding=&#8220;2&#8243; single_title_semantic=&#8220;h4&#8243; single_title_dimension=&#8220;h4&#8243; single_border=&#8220;yes&#8220; single_css_animation=&#8220;bottom-t-top&#8220; single_animation_delay=&#8220;200&#8243; single_icon=&#8220;fa fa-handshake-o&#8220; uncode_shortcode_id=&#8220;181036&#8243; el_class=&#8220;blog-posts&#8220;][\/vc_column][\/vc_row][vc_row row_height_percent=&#8220;0&#8243; override_padding=&#8220;yes&#8220; h_padding=&#8220;2&#8243; top_padding=&#8220;4&#8243; bottom_padding=&#8220;4&#8243; overlay_alpha=&#8220;50&#8243; gutter_size=&#8220;3&#8243; column_width_percent=&#8220;100&#8243; shift_y=&#8220;0&#8243; z_index=&#8220;0&#8243; row_name=&#8220;podcastepisodes&#8220; uncode_shortcode_id=&#8220;178770&#8243;][vc_column column_width_percent=&#8220;100&#8243; gutter_size=&#8220;3&#8243; overlay_alpha=&#8220;50&#8243; shift_x=&#8220;0&#8243; shift_y=&#8220;0&#8243; shift_y_down=&#8220;0&#8243; z_index=&#8220;0&#8243; medium_width=&#8220;0&#8243; mobile_width=&#8220;0&#8243; width=&#8220;1\/1&#8243; uncode_shortcode_id=&#8220;145817&#8243;][vc_row_inner row_inner_height_percent=&#8220;0&#8243; overlay_alpha=&#8220;50&#8243; equal_height=&#8220;yes&#8220; gutter_size=&#8220;3&#8243; shift_y=&#8220;0&#8243; z_index=&#8220;0&#8243; uncode_shortcode_id=&#8220;151020&#8243;][vc_column_inner width=&#8220;1\/4&#8243;][vc_single_image media=&#8220;96926&#8243; media_width_percent=&#8220;100&#8243; shape=&#8220;img-round&#8220; radius=&#8220;std&#8220; uncode_shortcode_id=&#8220;829365&#8243;][\/vc_column_inner][vc_column_inner column_width_percent=&#8220;100&#8243; position_vertical=&#8220;middle&#8220; gutter_size=&#8220;3&#8243; overlay_alpha=&#8220;50&#8243; shift_x=&#8220;0&#8243; shift_y=&#8220;0&#8243; shift_y_down=&#8220;0&#8243; z_index=&#8220;0&#8243; medium_width=&#8220;0&#8243; mobile_width=&#8220;0&#8243; width=&#8220;3\/4&#8243; uncode_shortcode_id=&#8220;423471&#8243;][vc_custom_heading text_height=&#8220;fontheight-357766&#8243; css_animation=&#8220;bottom-t-top&#8220; uncode_shortcode_id=&#8220;428668&#8243;]Season 3[\/vc_custom_heading][\/vc_column_inner][\/vc_row_inner][uncode_index el_id=&#8220;index-65762270&#8243; isotope_mode=&#8220;fitRows&#8220; loop=&#8220;size:All|order_by:date|order:ASC|post_type:podcast|tax_query:344|taxonomy_count:10&#8243; screen_lg=&#8220;1000&#8243; screen_md=&#8220;600&#8243; screen_sm=&#8220;480&#8243; gutter_size=&#8220;3&#8243; jobs_items=&#8220;media|featured|onpost|original,icon|xl,title,link|link|default_size|Details \u2192,detail-210808,detail-189684&#8243; podcast_items=&#8220;title,media|featured|onpost|original,text|excerpt,link|default|default_size|scale_mobile|Mehr dazu&#8220; single_overlay_opacity=&#8220;1&#8243; single_overlay_visible=&#8220;yes&#8220; single_overlay_anim=&#8220;no&#8220; single_padding=&#8220;2&#8243; single_title_semantic=&#8220;h4&#8243; single_title_dimension=&#8220;h4&#8243; single_border=&#8220;yes&#8220; single_css_animation=&#8220;bottom-t-top&#8220; single_animation_delay=&#8220;200&#8243; single_icon=&#8220;fa fa-handshake-o&#8220; uncode_shortcode_id=&#8220;183641&#8243; el_class=&#8220;blog-posts&#8220;][\/vc_column][\/vc_row][vc_row row_height_percent=&#8220;0&#8243; override_padding=&#8220;yes&#8220; h_padding=&#8220;2&#8243; top_padding=&#8220;4&#8243; bottom_padding=&#8220;4&#8243; overlay_alpha=&#8220;50&#8243; gutter_size=&#8220;3&#8243; column_width_percent=&#8220;100&#8243; shift_y=&#8220;0&#8243; z_index=&#8220;0&#8243; uncode_shortcode_id=&#8220;154635&#8243;][vc_column column_width_percent=&#8220;100&#8243; gutter_size=&#8220;3&#8243; overlay_alpha=&#8220;50&#8243; shift_x=&#8220;0&#8243; shift_y=&#8220;0&#8243; shift_y_down=&#8220;0&#8243; z_index=&#8220;0&#8243; medium_width=&#8220;0&#8243; mobile_width=&#8220;0&#8243; width=&#8220;1\/1&#8243; uncode_shortcode_id=&#8220;468237&#8243;][vc_row_inner row_inner_height_percent=&#8220;0&#8243; overlay_alpha=&#8220;50&#8243; equal_height=&#8220;yes&#8220; gutter_size=&#8220;3&#8243; shift_y=&#8220;0&#8243; z_index=&#8220;0&#8243; uncode_shortcode_id=&#8220;118619&#8243;][vc_column_inner width=&#8220;1\/4&#8243;][vc_single_image media=&#8220;87474&#8243; media_width_percent=&#8220;100&#8243; shape=&#8220;img-round&#8220; radius=&#8220;std&#8220; uncode_shortcode_id=&#8220;143006&#8243;][\/vc_column_inner][vc_column_inner column_width_percent=&#8220;100&#8243; position_vertical=&#8220;middle&#8220; gutter_size=&#8220;3&#8243; overlay_alpha=&#8220;50&#8243; shift_x=&#8220;0&#8243; shift_y=&#8220;0&#8243; shift_y_down=&#8220;0&#8243; z_index=&#8220;0&#8243; medium_width=&#8220;0&#8243; mobile_width=&#8220;0&#8243; width=&#8220;3\/4&#8243; uncode_shortcode_id=&#8220;209184&#8243;][vc_custom_heading text_height=&#8220;fontheight-357766&#8243; css_animation=&#8220;bottom-t-top&#8220; uncode_shortcode_id=&#8220;168884&#8243;]Season 2[\/vc_custom_heading][\/vc_column_inner][\/vc_row_inner][uncode_index el_id=&#8220;index-6576227&#8243; isotope_mode=&#8220;fitRows&#8220; loop=&#8220;size:All|order_by:date|order:ASC|post_type:podcast|tax_query:354|taxonomy_count:10&#8243; screen_lg=&#8220;1000&#8243; screen_md=&#8220;600&#8243; screen_sm=&#8220;480&#8243; gutter_size=&#8220;3&#8243; jobs_items=&#8220;media|featured|onpost|original,icon|xl,title,link|link|default_size|Details \u2192,detail-210808,detail-189684&#8243; podcast_items=&#8220;title,media|featured|onpost|original,text|excerpt,link|default|default_size|scale_mobile|Mehr dazu&#8220; single_overlay_opacity=&#8220;1&#8243; single_overlay_visible=&#8220;yes&#8220; single_overlay_anim=&#8220;no&#8220; single_padding=&#8220;2&#8243; single_title_semantic=&#8220;h4&#8243; single_title_dimension=&#8220;h4&#8243; single_border=&#8220;yes&#8220; single_css_animation=&#8220;bottom-t-top&#8220; single_animation_delay=&#8220;200&#8243; single_icon=&#8220;fa fa-handshake-o&#8220; uncode_shortcode_id=&#8220;155083&#8243; el_class=&#8220;blog-posts&#8220;][\/vc_column][\/vc_row][vc_row row_height_percent=&#8220;0&#8243; override_padding=&#8220;yes&#8220; h_padding=&#8220;2&#8243; top_padding=&#8220;4&#8243; bottom_padding=&#8220;4&#8243; overlay_alpha=&#8220;50&#8243; gutter_size=&#8220;3&#8243; column_width_percent=&#8220;100&#8243; shift_y=&#8220;0&#8243; z_index=&#8220;0&#8243; uncode_shortcode_id=&#8220;168182&#8243;][vc_column column_width_percent=&#8220;100&#8243; gutter_size=&#8220;3&#8243; overlay_alpha=&#8220;50&#8243; shift_x=&#8220;0&#8243; shift_y=&#8220;0&#8243; shift_y_down=&#8220;0&#8243; z_index=&#8220;0&#8243; medium_width=&#8220;0&#8243; mobile_width=&#8220;0&#8243; width=&#8220;1\/1&#8243; uncode_shortcode_id=&#8220;383169&#8243;][vc_row_inner][vc_column_inner column_width_percent=&#8220;100&#8243; gutter_size=&#8220;0&#8243; overlay_alpha=&#8220;50&#8243; shift_x=&#8220;0&#8243; shift_y=&#8220;0&#8243; shift_y_down=&#8220;0&#8243; z_index=&#8220;0&#8243; medium_width=&#8220;0&#8243; mobile_width=&#8220;0&#8243; width=&#8220;1\/4&#8243; uncode_shortcode_id=&#8220;111222&#8243;][vc_single_image media=&#8220;96921&#8243; media_width_percent=&#8220;100&#8243; shape=&#8220;img-round&#8220; radius=&#8220;std&#8220; uncode_shortcode_id=&#8220;203749&#8243;][\/vc_column_inner][vc_column_inner width=&#8220;3\/4&#8243;][vc_custom_heading text_height=&#8220;fontheight-357766&#8243; css_animation=&#8220;bottom-t-top&#8220; uncode_shortcode_id=&#8220;806445&#8243;]Season 1[\/vc_custom_heading][vc_column_text css_animation=&#8220;bottom-t-top&#8220; uncode_shortcode_id=&#8220;132586&#8243;]<\/p>\n<p style=\"text-align: left;\">Der Name ist Programm: In unserem Podcast dreht sich alles um gute Leadership und um die spannenden Geschichten, die unsere G\u00e4ste mit euch teilen. Florian hat sich auf die Suche nach inspirierenden Pers\u00f6nlichkeiten gemacht und mit ihnen \u00fcber deren Werdegang, Erfahrungen und Learnings zum Thema Leadership gesprochen.<\/p>\n<p style=\"text-align: left;\">Was verstehen unsere G\u00e4ste unter Leadership, was waren ihre gr\u00f6\u00dften Leadership-Herausforderungen und was w\u00fcrden sie ihrem 18-j\u00e4hrigen Ich mit auf den Weg geben? Interessante Fragen, die im Podcast beantwortet werden.<\/p>\n<p>[\/vc_column_text][\/vc_column_inner][\/vc_row_inner][uncode_index el_id=&#8220;index-657622&#8243; isotope_mode=&#8220;fitRows&#8220; loop=&#8220;size:All|order_by:date|order:ASC|post_type:podcast|tax_query:355|taxonomy_count:10&#8243; screen_lg=&#8220;1000&#8243; screen_md=&#8220;600&#8243; screen_sm=&#8220;480&#8243; gutter_size=&#8220;3&#8243; jobs_items=&#8220;media|featured|onpost|original,icon|xl,title,link|link|default_size|Details \u2192,detail-210808,detail-189684&#8243; podcast_items=&#8220;title,media|featured|onpost|original,text|excerpt,link|default|default_size|scale_mobile|Mehr dazu&#8220; single_overlay_opacity=&#8220;1&#8243; single_overlay_visible=&#8220;yes&#8220; single_overlay_anim=&#8220;no&#8220; single_padding=&#8220;2&#8243; single_title_semantic=&#8220;h4&#8243; single_title_dimension=&#8220;h4&#8243; single_border=&#8220;yes&#8220; single_css_animation=&#8220;bottom-t-top&#8220; single_animation_delay=&#8220;200&#8243; single_icon=&#8220;fa fa-handshake-o&#8220; uncode_shortcode_id=&#8220;116023&#8243; el_class=&#8220;blog-posts&#8220;][\/vc_column][\/vc_row][vc_row][vc_column width=&#8220;1\/1&#8243;][vc_column_text uncode_shortcode_id=&#8220;501405&#8243;]Als Amazon-Partner verdienen wir an qualifizierten Verk\u00e4ufen.[\/vc_column_text][\/vc_column][\/vc_row]<\/p>\n<\/div>","protected":false},"excerpt":{"rendered":"<p>[vc_row][vc_column width=&#8220;1\/2&#8243;][vc_single_image media=&#8220;99842&#8243; dynamic=&#8220;yes&#8220; media_width_percent=&#8220;100&#8243; shape=&#8220;img-round&#8220; radius=&#8220;std&#8220; uncode_shortcode_id=&#8220;167368&#8243;][\/vc_column][vc_column width=&#8220;1\/2&#8243;][vc_custom_heading text_color=&#8220;accent&#8220; heading_semantic=&#8220;h4&#8243; text_size=&#8220;h4&#8243; text_height=&#8220;fontheight-357766&#8243; css_animation=&#8220;bottom-t-top&#8220; uncode_shortcode_id=&#8220;880998&#8243; text_color_type=&#8220;uncode-palette&#8220;]Herzlich Willkommen beim[\/vc_custom_heading][vc_custom_heading heading_semantic=&#8220;h1&#8243; uncode_shortcode_id=&#8220;386369&#8243;] [&hellip;]<\/p>\n","protected":false},"author":1,"featured_media":99842,"parent":0,"menu_order":0,"comment_status":"closed","ping_status":"closed","template":"","meta":{"content-type":"","footnotes":""},"class_list":["post-85820","page","type-page","status-publish","has-post-thumbnail","hentry"],"yoast_head":"<!-- This site is optimized with the Yoast SEO plugin v25.2 - https:\/\/yoast.com\/wordpress\/plugins\/seo\/ -->\n<title>Leaders21 Podcast hosted by Thomas Kleindessner &amp; Tina Hellensteiner - Leaders21<\/title>\n<meta name=\"description\" content=\"Im Leaders21 Podcast sprechen Thomas Kleindessner und Tina Hellensteiner 14-t\u00e4gig \u00fcber Leadership, pers\u00f6nliche Entwicklung und 21st Century Skills.\" \/>\n<meta name=\"robots\" content=\"index, follow, max-snippet:-1, max-image-preview:large, max-video-preview:-1\" \/>\n<link rel=\"canonical\" href=\"https:\/\/www.leaders21.com\/de\/podcast\/\" \/>\n<meta property=\"og:locale\" content=\"de_DE\" \/>\n<meta property=\"og:type\" content=\"article\" \/>\n<meta property=\"og:title\" content=\"Leaders21 Podcast hosted by Thomas Kleindessner &amp; Tina Hellensteiner - Leaders21\" \/>\n<meta property=\"og:description\" content=\"Im Leaders21 Podcast sprechen Thomas Kleindessner und Tina Hellensteiner 14-t\u00e4gig \u00fcber Leadership, pers\u00f6nliche Entwicklung und 21st Century Skills.\" \/>\n<meta property=\"og:url\" content=\"https:\/\/www.leaders21.com\/de\/podcast\/\" \/>\n<meta property=\"og:site_name\" content=\"Leaders21\" \/>\n<meta property=\"article:publisher\" content=\"https:\/\/www.facebook.com\/Leaders21com\" \/>\n<meta property=\"article:modified_time\" content=\"2025-04-15T07:01:33+00:00\" \/>\n<meta property=\"og:image\" content=\"https:\/\/www.leaders21.com\/wp-content\/uploads\/Podcast-Cover-2025-1024x1024.png\" \/>\n\t<meta property=\"og:image:width\" content=\"1024\" \/>\n\t<meta property=\"og:image:height\" content=\"1024\" \/>\n\t<meta property=\"og:image:type\" content=\"image\/png\" \/>\n<meta name=\"twitter:card\" content=\"summary_large_image\" \/>\n<meta name=\"twitter:label1\" content=\"Gesch\u00e4tzte Lesezeit\" \/>\n\t<meta name=\"twitter:data1\" content=\"4\u00a0Minuten\" \/>\n<script type=\"application\/ld+json\" class=\"yoast-schema-graph\">{\"@context\":\"https:\/\/schema.org\",\"@graph\":[{\"@type\":\"WebPage\",\"@id\":\"https:\/\/www.leaders21.com\/de\/podcast\/\",\"url\":\"https:\/\/www.leaders21.com\/de\/podcast\/\",\"name\":\"Leaders21 Podcast hosted by Thomas Kleindessner & Tina Hellensteiner - Leaders21\",\"isPartOf\":{\"@id\":\"https:\/\/www.leaders21.com\/de\/#website\"},\"primaryImageOfPage\":{\"@id\":\"https:\/\/www.leaders21.com\/de\/podcast\/#primaryimage\"},\"image\":{\"@id\":\"https:\/\/www.leaders21.com\/de\/podcast\/#primaryimage\"},\"thumbnailUrl\":\"https:\/\/www.leaders21.com\/wp-content\/uploads\/Podcast-Cover-2025.png\",\"datePublished\":\"2021-04-22T14:11:18+00:00\",\"dateModified\":\"2025-04-15T07:01:33+00:00\",\"description\":\"Im Leaders21 Podcast sprechen Thomas Kleindessner und Tina Hellensteiner 14-t\u00e4gig \u00fcber Leadership, pers\u00f6nliche Entwicklung und 21st Century Skills.\",\"inLanguage\":\"de\",\"potentialAction\":[{\"@type\":\"ReadAction\",\"target\":[\"https:\/\/www.leaders21.com\/de\/podcast\/\"]}]},{\"@type\":\"ImageObject\",\"inLanguage\":\"de\",\"@id\":\"https:\/\/www.leaders21.com\/de\/podcast\/#primaryimage\",\"url\":\"https:\/\/www.leaders21.com\/wp-content\/uploads\/Podcast-Cover-2025.png\",\"contentUrl\":\"https:\/\/www.leaders21.com\/wp-content\/uploads\/Podcast-Cover-2025.png\",\"width\":3000,\"height\":3000},{\"@type\":\"WebSite\",\"@id\":\"https:\/\/www.leaders21.com\/de\/#website\",\"url\":\"https:\/\/www.leaders21.com\/de\/\",\"name\":\"Leaders21\",\"description\":\"\",\"publisher\":{\"@id\":\"https:\/\/www.leaders21.com\/de\/#organization\"},\"potentialAction\":[{\"@type\":\"SearchAction\",\"target\":{\"@type\":\"EntryPoint\",\"urlTemplate\":\"https:\/\/www.leaders21.com\/de\/?s={search_term_string}\"},\"query-input\":{\"@type\":\"PropertyValueSpecification\",\"valueRequired\":true,\"valueName\":\"search_term_string\"}}],\"inLanguage\":\"de\"},{\"@type\":\"Organization\",\"@id\":\"https:\/\/www.leaders21.com\/de\/#organization\",\"name\":\"Leaders21\",\"url\":\"https:\/\/www.leaders21.com\/de\/\",\"logo\":{\"@type\":\"ImageObject\",\"inLanguage\":\"de\",\"@id\":\"https:\/\/www.leaders21.com\/de\/#\/schema\/logo\/image\/\",\"url\":\"https:\/\/www.leaders21.com\/wp-content\/uploads\/leaders21-logo-horizontal-transparent-300x80-1.png\",\"contentUrl\":\"https:\/\/www.leaders21.com\/wp-content\/uploads\/leaders21-logo-horizontal-transparent-300x80-1.png\",\"width\":350,\"height\":80,\"caption\":\"Leaders21\"},\"image\":{\"@id\":\"https:\/\/www.leaders21.com\/de\/#\/schema\/logo\/image\/\"},\"sameAs\":[\"https:\/\/www.facebook.com\/Leaders21com\",\"https:\/\/www.instagram.com\/leaders21com\/\",\"https:\/\/www.linkedin.com\/company\/leaders21com\",\"https:\/\/www.youtube.com\/channel\/UCZG2JyyRknDawylccNWHPlQ\"]}]}<\/script>\n<!-- \/ Yoast SEO plugin. -->","yoast_head_json":{"title":"Leaders21 Podcast hosted by Thomas Kleindessner & Tina Hellensteiner - Leaders21","description":"Im Leaders21 Podcast sprechen Thomas Kleindessner und Tina Hellensteiner 14-t\u00e4gig \u00fcber Leadership, pers\u00f6nliche Entwicklung und 21st Century Skills.","robots":{"index":"index","follow":"follow","max-snippet":"max-snippet:-1","max-image-preview":"max-image-preview:large","max-video-preview":"max-video-preview:-1"},"canonical":"https:\/\/www.leaders21.com\/de\/podcast\/","og_locale":"de_DE","og_type":"article","og_title":"Leaders21 Podcast hosted by Thomas Kleindessner & Tina Hellensteiner - Leaders21","og_description":"Im Leaders21 Podcast sprechen Thomas Kleindessner und Tina Hellensteiner 14-t\u00e4gig \u00fcber Leadership, pers\u00f6nliche Entwicklung und 21st Century Skills.","og_url":"https:\/\/www.leaders21.com\/de\/podcast\/","og_site_name":"Leaders21","article_publisher":"https:\/\/www.facebook.com\/Leaders21com","article_modified_time":"2025-04-15T07:01:33+00:00","og_image":[{"width":1024,"height":1024,"url":"https:\/\/www.leaders21.com\/wp-content\/uploads\/Podcast-Cover-2025-1024x1024.png","type":"image\/png"}],"twitter_card":"summary_large_image","twitter_misc":{"Gesch\u00e4tzte Lesezeit":"4\u00a0Minuten"},"schema":{"@context":"https:\/\/schema.org","@graph":[{"@type":"WebPage","@id":"https:\/\/www.leaders21.com\/de\/podcast\/","url":"https:\/\/www.leaders21.com\/de\/podcast\/","name":"Leaders21 Podcast hosted by Thomas Kleindessner & Tina Hellensteiner - Leaders21","isPartOf":{"@id":"https:\/\/www.leaders21.com\/de\/#website"},"primaryImageOfPage":{"@id":"https:\/\/www.leaders21.com\/de\/podcast\/#primaryimage"},"image":{"@id":"https:\/\/www.leaders21.com\/de\/podcast\/#primaryimage"},"thumbnailUrl":"https:\/\/www.leaders21.com\/wp-content\/uploads\/Podcast-Cover-2025.png","datePublished":"2021-04-22T14:11:18+00:00","dateModified":"2025-04-15T07:01:33+00:00","description":"Im Leaders21 Podcast sprechen Thomas Kleindessner und Tina Hellensteiner 14-t\u00e4gig \u00fcber Leadership, pers\u00f6nliche Entwicklung und 21st Century Skills.","inLanguage":"de","potentialAction":[{"@type":"ReadAction","target":["https:\/\/www.leaders21.com\/de\/podcast\/"]}]},{"@type":"ImageObject","inLanguage":"de","@id":"https:\/\/www.leaders21.com\/de\/podcast\/#primaryimage","url":"https:\/\/www.leaders21.com\/wp-content\/uploads\/Podcast-Cover-2025.png","contentUrl":"https:\/\/www.leaders21.com\/wp-content\/uploads\/Podcast-Cover-2025.png","width":3000,"height":3000},{"@type":"WebSite","@id":"https:\/\/www.leaders21.com\/de\/#website","url":"https:\/\/www.leaders21.com\/de\/","name":"Leaders21","description":"","publisher":{"@id":"https:\/\/www.leaders21.com\/de\/#organization"},"potentialAction":[{"@type":"SearchAction","target":{"@type":"EntryPoint","urlTemplate":"https:\/\/www.leaders21.com\/de\/?s={search_term_string}"},"query-input":{"@type":"PropertyValueSpecification","valueRequired":true,"valueName":"search_term_string"}}],"inLanguage":"de"},{"@type":"Organization","@id":"https:\/\/www.leaders21.com\/de\/#organization","name":"Leaders21","url":"https:\/\/www.leaders21.com\/de\/","logo":{"@type":"ImageObject","inLanguage":"de","@id":"https:\/\/www.leaders21.com\/de\/#\/schema\/logo\/image\/","url":"https:\/\/www.leaders21.com\/wp-content\/uploads\/leaders21-logo-horizontal-transparent-300x80-1.png","contentUrl":"https:\/\/www.leaders21.com\/wp-content\/uploads\/leaders21-logo-horizontal-transparent-300x80-1.png","width":350,"height":80,"caption":"Leaders21"},"image":{"@id":"https:\/\/www.leaders21.com\/de\/#\/schema\/logo\/image\/"},"sameAs":["https:\/\/www.facebook.com\/Leaders21com","https:\/\/www.instagram.com\/leaders21com\/","https:\/\/www.linkedin.com\/company\/leaders21com","https:\/\/www.youtube.com\/channel\/UCZG2JyyRknDawylccNWHPlQ"]}]}},"_links":{"self":[{"href":"https:\/\/www.leaders21.com\/de\/wp-json\/wp\/v2\/pages\/85820","targetHints":{"allow":["GET"]}}],"collection":[{"href":"https:\/\/www.leaders21.com\/de\/wp-json\/wp\/v2\/pages"}],"about":[{"href":"https:\/\/www.leaders21.com\/de\/wp-json\/wp\/v2\/types\/page"}],"author":[{"embeddable":true,"href":"https:\/\/www.leaders21.com\/de\/wp-json\/wp\/v2\/users\/1"}],"replies":[{"embeddable":true,"href":"https:\/\/www.leaders21.com\/de\/wp-json\/wp\/v2\/comments?post=85820"}],"version-history":[{"count":35,"href":"https:\/\/www.leaders21.com\/de\/wp-json\/wp\/v2\/pages\/85820\/revisions"}],"predecessor-version":[{"id":96723,"href":"https:\/\/www.leaders21.com\/de\/wp-json\/wp\/v2\/pages\/85820\/revisions\/96723"}],"wp:featuredmedia":[{"embeddable":true,"href":"https:\/\/www.leaders21.com\/de\/wp-json\/wp\/v2\/media\/99842"}],"wp:attachment":[{"href":"https:\/\/www.leaders21.com\/de\/wp-json\/wp\/v2\/media?parent=85820"}],"curies":[{"name":"wp","href":"https:\/\/api.w.org\/{rel}","templated":true}]}}