{"id":84202,"date":"2021-01-14T13:25:54","date_gmt":"2021-01-14T12:25:54","guid":{"rendered":"https:\/\/www.leaders21.com\/?page_id=84202"},"modified":"2023-10-27T10:37:20","modified_gmt":"2023-10-27T08:37:20","slug":"jobs","status":"publish","type":"page","link":"https:\/\/www.leaders21.com\/de\/jobs\/","title":{"rendered":"Jobs"},"content":{"rendered":"<div class=\"wpb-content-wrapper\"><p>[vc_row row_height_percent=&#8220;0&#8243; override_padding=&#8220;yes&#8220; h_padding=&#8220;2&#8243; top_padding=&#8220;4&#8243; bottom_padding=&#8220;4&#8243; overlay_alpha=&#8220;50&#8243; gutter_size=&#8220;3&#8243; column_width_percent=&#8220;100&#8243; shift_y=&#8220;0&#8243; z_index=&#8220;0&#8243;][vc_column column_width_percent=&#8220;100&#8243; align_horizontal=&#8220;align_center&#8220; gutter_size=&#8220;3&#8243; overlay_alpha=&#8220;50&#8243; shift_x=&#8220;0&#8243; shift_y=&#8220;0&#8243; shift_y_down=&#8220;0&#8243; z_index=&#8220;0&#8243; medium_width=&#8220;0&#8243; mobile_width=&#8220;0&#8243; width=&#8220;1\/1&#8243;][vc_custom_heading heading_semantic=&#8220;h3&#8243; text_size=&#8220;h5&#8243; text_transform=&#8220;uppercase&#8220; uncode_shortcode_id=&#8220;122378&#8243;]Bereit f\u00fcr einen Neustart?[\/vc_custom_heading][vc_custom_heading text_height=&#8220;fontheight-357766&#8243; uncode_shortcode_id=&#8220;149776&#8243;]Komm in unser Team![\/vc_custom_heading][vc_column_text uncode_shortcode_id=&#8220;170158&#8243;]Du bist optimistisch und voller Tatendrang? Auf der Suche nach einer neuen Herausforderung, bei der du dein Bestes geben kannst? Hast Spa\u00df daran, mit Gleichgesinnten im Team zu arbeiten? Cool \u2013\u00a0dann bist du bei uns genau richtig! Denn bei uns steht das Team \u00fcber allem. Gleichzeitig wissen \u2013\u00a0und sch\u00e4tzen! \u2013\u00a0wir, dass jeder Mensch einzigartig ist. Es liegt uns am Herzen, f\u00fcr jede:n Mitarbeiter:in die richtigen Rahmenbedingungen zu schaffen, damit du deine Arbeitszeit nicht blo\u00df absitzt, sondern deine Arbeit im Leaders21-Team genie\u00dft, weil du ehrlich motiviert bist! Hier findest du offene Stellen und erf\u00e4hrst, wie wir als Team zusammenarbeiten und was sonst noch Spannendes auf dich wartet. Keine Stelle f\u00fcr deine Skills, aber du denkst, du w\u00e4rst the perfect fit? Wir freuen uns auch \u00fcber Initiativbewerbungen.[\/vc_column_text][vc_button size=&#8220;link&#8220; custom_typo=&#8220;yes&#8220; font_family=&#8220;48&#8243; font_weight=&#8220;500&#8243; icon=&#8220;fa fa-arrow-down-thick&#8220; link=&#8220;url:%23joboffers|title:Unser%20Ansatz&#8220; uncode_shortcode_id=&#8220;285369&#8243;]Jobangebote anzeigen[\/vc_button][\/vc_column][\/vc_row][vc_row row_height_percent=&#8220;0&#8243; override_padding=&#8220;yes&#8220; h_padding=&#8220;2&#8243; top_padding=&#8220;4&#8243; bottom_padding=&#8220;4&#8243; back_color=&#8220;l21-red&#8220; overlay_alpha=&#8220;50&#8243; gutter_size=&#8220;3&#8243; column_width_percent=&#8220;100&#8243; shift_y=&#8220;0&#8243; z_index=&#8220;0&#8243; uncode_shortcode_id=&#8220;745118&#8243; back_color_type=&#8220;uncode-palette&#8220;][vc_column column_width_percent=&#8220;100&#8243; align_horizontal=&#8220;align_center&#8220; gutter_size=&#8220;3&#8243; style=&#8220;dark&#8220; overlay_alpha=&#8220;50&#8243; shift_x=&#8220;0&#8243; shift_y=&#8220;0&#8243; shift_y_down=&#8220;0&#8243; z_index=&#8220;0&#8243; medium_width=&#8220;0&#8243; mobile_width=&#8220;0&#8243; width=&#8220;1\/1&#8243; uncode_shortcode_id=&#8220;117869&#8243;][vc_custom_heading heading_semantic=&#8220;h3&#8243; text_size=&#8220;h5&#8243; text_transform=&#8220;uppercase&#8220; uncode_shortcode_id=&#8220;653878&#8243;]Lerne uns kennen[\/vc_custom_heading][vc_custom_heading text_height=&#8220;fontheight-357766&#8243; uncode_shortcode_id=&#8220;693949&#8243;]Unser WHY[\/vc_custom_heading][vc_column_text text_color=&#8220;l21-white&#8220; uncode_shortcode_id=&#8220;703262&#8243; text_color_type=&#8220;uncode-palette&#8220;]Wir glauben, dass Menschen und Organisationen oft die notwendigen Kompetenzen, Skills und das richtige Mindset fehlen, um die Challenges unserer heutigen Arbeitswelt zu meistern. Deswegen heben wir pers\u00f6nliche Weiterentwicklung auf ein neues Level um die zuk\u00fcnftige Welt des Arbeitens zu gestalten. <strong>Wie?<\/strong> Mit Training, Coaching, Mentoring, Consulting,\u2026 und unserer digitalen 21st Century Skills Development Platform, die wir gerade f\u00fcr dich entwickeln. M\u00f6chtest du mit uns gemeinsam die Arbeitswelt ver\u00e4ndern?[\/vc_column_text][vc_button size=&#8220;link&#8220; custom_typo=&#8220;yes&#8220; font_family=&#8220;48&#8243; font_weight=&#8220;500&#8243; icon=&#8220;fa fa-arrow-down-thick&#8220; link=&#8220;url:%23joboffers|title:Unser%20Ansatz&#8220; uncode_shortcode_id=&#8220;159703&#8243;]Jobangebote anzeigen[\/vc_button][\/vc_column][\/vc_row][vc_row row_height_percent=&#8220;0&#8243; override_padding=&#8220;yes&#8220; h_padding=&#8220;2&#8243; top_padding=&#8220;4&#8243; bottom_padding=&#8220;4&#8243; back_color=&#8220;l21-blue&#8220; overlay_alpha=&#8220;50&#8243; gutter_size=&#8220;3&#8243; column_width_percent=&#8220;100&#8243; shift_y=&#8220;0&#8243; z_index=&#8220;0&#8243; uncode_shortcode_id=&#8220;146744&#8243; back_color_type=&#8220;uncode-palette&#8220;][vc_column column_width_percent=&#8220;100&#8243; align_horizontal=&#8220;align_center&#8220; gutter_size=&#8220;3&#8243; style=&#8220;dark&#8220; overlay_alpha=&#8220;50&#8243; shift_x=&#8220;0&#8243; shift_y=&#8220;0&#8243; shift_y_down=&#8220;0&#8243; z_index=&#8220;0&#8243; medium_width=&#8220;0&#8243; mobile_width=&#8220;0&#8243; width=&#8220;1\/1&#8243;][vc_custom_heading heading_semantic=&#8220;h3&#8243; text_size=&#8220;h5&#8243; text_transform=&#8220;uppercase&#8220; uncode_shortcode_id=&#8220;139481&#8243;]Was uns wichtig ist[\/vc_custom_heading][vc_custom_heading text_height=&#8220;fontheight-357766&#8243; uncode_shortcode_id=&#8220;181243&#8243;]Unsere Werte[\/vc_custom_heading][vc_gallery el_id=&#8220;gallery-190158&#8243; isotope_mode=&#8220;fitRows&#8220; medias=&#8220;84565,84573,84575,84569,84571,84567&#8243; gutter_size=&#8220;3&#8243; media_items=&#8220;media|nolink|original,title,description&#8220; screen_lg=&#8220;1150&#8243; screen_md=&#8220;1150&#8243; screen_sm=&#8220;480&#8243; single_text=&#8220;under&#8220; images_size=&#8220;one-one&#8220; single_style=&#8220;dark&#8220; single_overlay_opacity=&#8220;1&#8243; single_overlay_visible=&#8220;yes&#8220; single_overlay_anim=&#8220;no&#8220; single_h_align=&#8220;center&#8220; single_padding=&#8220;2&#8243; single_title_dimension=&#8220;h4&#8243; single_border=&#8220;yes&#8220; uncode_shortcode_id=&#8220;776450&#8243;][\/vc_column][\/vc_row][vc_row row_height_percent=&#8220;43&#8243; override_padding=&#8220;yes&#8220; h_padding=&#8220;2&#8243; top_padding=&#8220;4&#8243; bottom_padding=&#8220;4&#8243; back_color=&#8220;l21-red&#8220; overlay_alpha=&#8220;50&#8243; gutter_size=&#8220;3&#8243; column_width_percent=&#8220;100&#8243; shift_y=&#8220;0&#8243; z_index=&#8220;0&#8243; uncode_shortcode_id=&#8220;337772&#8243; back_color_type=&#8220;uncode-palette&#8220;][vc_column width=&#8220;1\/1&#8243;][vc_gallery el_id=&#8220;gallery-951368&#8243; type=&#8220;carousel&#8220; medias=&#8220;86192,86196,86190,86211&#8243; carousel_lg=&#8220;1&#8243; carousel_md=&#8220;1&#8243; carousel_sm=&#8220;1&#8243; gutter_size=&#8220;0&#8243; media_items=&#8220;media|nolink|poster,icon&#8220; carousel_interval=&#8220;5000&#8243; carousel_navspeed=&#8220;200&#8243; carousel_loop=&#8220;yes&#8220; carousel_dots=&#8220;yes&#8220; carousel_autoh=&#8220;yes&#8220; carousel_textual=&#8220;yes&#8220; hide_quotes=&#8220;yes&#8220; stage_padding=&#8220;0&#8243; single_overlay_opacity=&#8220;50&#8243; single_h_align=&#8220;center&#8220; single_padding=&#8220;2&#8243; single_title_dimension=&#8220;h4&#8243; single_title_weight=&#8220;400&#8243; single_title_height=&#8220;fontheight-357766&#8243; single_animation_first=&#8220;yes&#8220; uncode_shortcode_id=&#8220;284651&#8243; title=&#8220;Mitarbeiter Zitate&#8220;][\/vc_column][\/vc_row][vc_row row_height_percent=&#8220;0&#8243; overlay_alpha=&#8220;50&#8243; gutter_size=&#8220;3&#8243; column_width_percent=&#8220;100&#8243; shift_y=&#8220;0&#8243; z_index=&#8220;0&#8243; uncode_shortcode_id=&#8220;149902&#8243;][vc_column column_width_percent=&#8220;100&#8243; gutter_size=&#8220;0&#8243; overlay_alpha=&#8220;50&#8243; shift_x=&#8220;0&#8243; shift_y=&#8220;0&#8243; shift_y_down=&#8220;0&#8243; z_index=&#8220;0&#8243; medium_width=&#8220;0&#8243; mobile_width=&#8220;0&#8243; width=&#8220;1\/1&#8243; uncode_shortcode_id=&#8220;111035&#8243;][vc_custom_heading uncode_shortcode_id=&#8220;154761&#8243;]Das ist deine Chance[\/vc_custom_heading][vc_empty_space empty_h=&#8220;1&#8243;][vc_row_inner][vc_column_inner column_width_percent=&#8220;100&#8243; gutter_size=&#8220;2&#8243; overlay_alpha=&#8220;50&#8243; shift_x=&#8220;0&#8243; shift_y=&#8220;0&#8243; shift_y_down=&#8220;0&#8243; z_index=&#8220;0&#8243; medium_width=&#8220;0&#8243; mobile_width=&#8220;0&#8243; width=&#8220;1\/1&#8243; uncode_shortcode_id=&#8220;195144&#8243;][vc_column_text uncode_shortcode_id=&#8220;156191&#8243; el_class=&#8220;icon-tick-circle list-item&#8220;]von Anfang an bei etwas Gro\u00dfem dabei zu sein[\/vc_column_text][vc_column_text uncode_shortcode_id=&#8220;106144&#8243; el_class=&#8220;icon-tick-circle list-item&#8220;]den unvergleichlichen Start-up-Spirit mit viel Gestaltungsspielraum zu leben[\/vc_column_text][vc_column_text uncode_shortcode_id=&#8220;452236&#8243; el_class=&#8220;icon-tick-circle list-item&#8220;]von den Erfahrungen eines Teams aus High Performer:innen zu profitieren[\/vc_column_text][vc_column_text uncode_shortcode_id=&#8220;209288&#8243; el_class=&#8220;icon-tick-circle list-item&#8220;]dich an einem integrativen Arbeitsplatz zu verwirklichen, wo Talente anerkannt und gef\u00f6rdert werden[\/vc_column_text][vc_column_text uncode_shortcode_id=&#8220;876758&#8243; el_class=&#8220;icon-tick-circle list-item&#8220;]dir deine Arbeitszeiten flexibel einzuteilen und in unseren B\u00fcros in Leonding und Wien und\/oder im Home Office zu arbeiten[\/vc_column_text][\/vc_column_inner][\/vc_row_inner][vc_empty_space empty_h=&#8220;1&#8243;][vc_button size=&#8220;btn-link&#8220; display=&#8220;inline&#8220; scale_mobile=&#8220;no&#8220; uncode_shortcode_id=&#8220;119744&#8243; link=&#8220;url:%23joboffers&#8220;]Jobangebote anzeigen[\/vc_button][\/vc_column][\/vc_row][vc_row row_height_percent=&#8220;0&#8243; override_padding=&#8220;yes&#8220; h_padding=&#8220;2&#8243; top_padding=&#8220;4&#8243; bottom_padding=&#8220;4&#8243; back_color=&#8220;l21-blue&#8220; overlay_alpha=&#8220;50&#8243; gutter_size=&#8220;3&#8243; column_width_percent=&#8220;100&#8243; shift_y=&#8220;0&#8243; z_index=&#8220;0&#8243; row_name=&#8220;joboffers&#8220; uncode_shortcode_id=&#8220;143041&#8243; back_color_type=&#8220;uncode-palette&#8220;][vc_column column_width_percent=&#8220;100&#8243; align_horizontal=&#8220;align_center&#8220; gutter_size=&#8220;3&#8243; style=&#8220;dark&#8220; overlay_alpha=&#8220;50&#8243; shift_x=&#8220;0&#8243; shift_y=&#8220;0&#8243; shift_y_down=&#8220;0&#8243; z_index=&#8220;0&#8243; medium_width=&#8220;0&#8243; mobile_width=&#8220;0&#8243; width=&#8220;1\/1&#8243;][vc_custom_heading text_height=&#8220;fontheight-357766&#8243; css_animation=&#8220;bottom-t-top&#8220; animation_delay=&#8220;400&#8243; uncode_shortcode_id=&#8220;170029&#8243;]Offene Jobs \u2013\u00a0wir suchen DICH[\/vc_custom_heading][uncode_index el_id=&#8220;index-657622&#8243; index_type=&#8220;css_grid&#8220; loop=&#8220;order_by:date|post_type:jobs|taxonomy_count:10&#8243; grid_items=&#8220;3&#8243; screen_lg_items=&#8220;2&#8243; screen_lg_breakpoint=&#8220;960&#8243; screen_md_items=&#8220;2&#8243; screen_md_breakpoint=&#8220;570&#8243; screen_sm_items=&#8220;1&#8243; screen_sm_breakpoint=&#8220;480&#8243; gutter_size=&#8220;3&#8243; jobs_items=&#8220;media|featured|onpost|original,icon|xl,title,detail-210808,detail-189684,link|link|default_size|scale_mobile|Details ansehen&#8220; single_overlay_opacity=&#8220;1&#8243; single_overlay_visible=&#8220;yes&#8220; single_overlay_anim=&#8220;no&#8220; single_padding=&#8220;2&#8243; single_title_semantic=&#8220;h4&#8243; single_title_dimension=&#8220;h4&#8243; single_border=&#8220;yes&#8220; single_css_animation=&#8220;bottom-t-top&#8220; single_animation_delay=&#8220;200&#8243; single_icon=&#8220;fa fa-handshake-o&#8220; uncode_shortcode_id=&#8220;121912&#8243; el_class=&#8220;blog-posts&#8220;][vc_empty_space empty_h=&#8220;3&#8243;][vc_custom_heading heading_semantic=&#8220;h3&#8243; text_size=&#8220;h5&#8243; text_transform=&#8220;uppercase&#8220; uncode_shortcode_id=&#8220;167823&#8243;]Interessiert?[\/vc_custom_heading][vc_custom_heading text_height=&#8220;fontheight-357766&#8243; uncode_shortcode_id=&#8220;777278&#8243;]Schick uns deine Bewerbung an&#8230;[\/vc_custom_heading][vc_button border_width=&#8220;0&#8243; display=&#8220;inline&#8220; link=&#8220;url:mailto%3Ajobs%40leaders21.com&#8220; el_id=&#8220;job-email-button&#8220; uncode_shortcode_id=&#8220;181290&#8243;]jobs@leaders21.com [\/vc_button][\/vc_column][\/vc_row]<\/p>\n<\/div>","protected":false},"excerpt":{"rendered":"<p>Unser Team ist unser wichtigstes Asset. Denn GREAT PEOPLE MAKE ALL THE DIFFERENCE. Interessiert? Dann verst\u00e4rke unser vielf\u00e4ltiges Team mit deinen Talenten.<\/p>\n","protected":false},"author":3,"featured_media":91524,"parent":0,"menu_order":3,"comment_status":"closed","ping_status":"closed","template":"","meta":{"content-type":"","footnotes":""},"class_list":["post-84202","page","type-page","status-publish","has-post-thumbnail","hentry"],"yoast_head":"<!-- This site is optimized with the Yoast SEO plugin v25.2 - https:\/\/yoast.com\/wordpress\/plugins\/seo\/ -->\n<title>Jobs - Leaders21<\/title>\n<meta name=\"description\" content=\"Warum du Teil unseres Teams werden solltest? Weil wir ambitioniert, authentisch, und wissbegierig sind - und DU die perfekte Erg\u00e4nzung bist!\" \/>\n<meta name=\"robots\" content=\"index, follow, max-snippet:-1, max-image-preview:large, max-video-preview:-1\" \/>\n<link rel=\"canonical\" href=\"https:\/\/www.leaders21.com\/de\/jobs\/\" \/>\n<meta property=\"og:locale\" content=\"de_DE\" \/>\n<meta property=\"og:type\" content=\"article\" \/>\n<meta property=\"og:title\" content=\"Jobs - Leaders21\" \/>\n<meta property=\"og:description\" content=\"Warum du Teil unseres Teams werden solltest? Weil wir ambitioniert, authentisch, und wissbegierig sind - und DU die perfekte Erg\u00e4nzung bist!\" \/>\n<meta property=\"og:url\" content=\"https:\/\/www.leaders21.com\/de\/jobs\/\" \/>\n<meta property=\"og:site_name\" content=\"Leaders21\" \/>\n<meta property=\"article:publisher\" content=\"https:\/\/www.facebook.com\/Leaders21com\" \/>\n<meta property=\"article:modified_time\" content=\"2023-10-27T08:37:20+00:00\" \/>\n<meta property=\"og:image\" content=\"https:\/\/www.leaders21.com\/wp-content\/uploads\/Leaders21-Team-2023_02-edit-web.jpg\" \/>\n\t<meta property=\"og:image:width\" content=\"658\" \/>\n\t<meta property=\"og:image:height\" content=\"370\" \/>\n\t<meta property=\"og:image:type\" content=\"image\/jpeg\" \/>\n<meta name=\"twitter:card\" content=\"summary_large_image\" \/>\n<meta name=\"twitter:label1\" content=\"Gesch\u00e4tzte Lesezeit\" \/>\n\t<meta name=\"twitter:data1\" content=\"4\u00a0Minuten\" \/>\n<script type=\"application\/ld+json\" class=\"yoast-schema-graph\">{\"@context\":\"https:\/\/schema.org\",\"@graph\":[{\"@type\":\"WebPage\",\"@id\":\"https:\/\/www.leaders21.com\/de\/jobs\/\",\"url\":\"https:\/\/www.leaders21.com\/de\/jobs\/\",\"name\":\"Jobs - Leaders21\",\"isPartOf\":{\"@id\":\"https:\/\/www.leaders21.com\/de\/#website\"},\"primaryImageOfPage\":{\"@id\":\"https:\/\/www.leaders21.com\/de\/jobs\/#primaryimage\"},\"image\":{\"@id\":\"https:\/\/www.leaders21.com\/de\/jobs\/#primaryimage\"},\"thumbnailUrl\":\"https:\/\/www.leaders21.com\/wp-content\/uploads\/Leaders21-Team-2023_02-edit-web.jpg\",\"datePublished\":\"2021-01-14T12:25:54+00:00\",\"dateModified\":\"2023-10-27T08:37:20+00:00\",\"description\":\"Warum du Teil unseres Teams werden solltest? Weil wir ambitioniert, authentisch, und wissbegierig sind - und DU die perfekte Erg\u00e4nzung bist!\",\"inLanguage\":\"de\",\"potentialAction\":[{\"@type\":\"ReadAction\",\"target\":[\"https:\/\/www.leaders21.com\/de\/jobs\/\"]}]},{\"@type\":\"ImageObject\",\"inLanguage\":\"de\",\"@id\":\"https:\/\/www.leaders21.com\/de\/jobs\/#primaryimage\",\"url\":\"https:\/\/www.leaders21.com\/wp-content\/uploads\/Leaders21-Team-2023_02-edit-web.jpg\",\"contentUrl\":\"https:\/\/www.leaders21.com\/wp-content\/uploads\/Leaders21-Team-2023_02-edit-web.jpg\",\"width\":658,\"height\":370},{\"@type\":\"WebSite\",\"@id\":\"https:\/\/www.leaders21.com\/de\/#website\",\"url\":\"https:\/\/www.leaders21.com\/de\/\",\"name\":\"Leaders21\",\"description\":\"\",\"publisher\":{\"@id\":\"https:\/\/www.leaders21.com\/de\/#organization\"},\"potentialAction\":[{\"@type\":\"SearchAction\",\"target\":{\"@type\":\"EntryPoint\",\"urlTemplate\":\"https:\/\/www.leaders21.com\/de\/?s={search_term_string}\"},\"query-input\":{\"@type\":\"PropertyValueSpecification\",\"valueRequired\":true,\"valueName\":\"search_term_string\"}}],\"inLanguage\":\"de\"},{\"@type\":\"Organization\",\"@id\":\"https:\/\/www.leaders21.com\/de\/#organization\",\"name\":\"Leaders21\",\"url\":\"https:\/\/www.leaders21.com\/de\/\",\"logo\":{\"@type\":\"ImageObject\",\"inLanguage\":\"de\",\"@id\":\"https:\/\/www.leaders21.com\/de\/#\/schema\/logo\/image\/\",\"url\":\"https:\/\/www.leaders21.com\/wp-content\/uploads\/leaders21-logo-horizontal-transparent-300x80-1.png\",\"contentUrl\":\"https:\/\/www.leaders21.com\/wp-content\/uploads\/leaders21-logo-horizontal-transparent-300x80-1.png\",\"width\":350,\"height\":80,\"caption\":\"Leaders21\"},\"image\":{\"@id\":\"https:\/\/www.leaders21.com\/de\/#\/schema\/logo\/image\/\"},\"sameAs\":[\"https:\/\/www.facebook.com\/Leaders21com\",\"https:\/\/www.instagram.com\/leaders21com\/\",\"https:\/\/www.linkedin.com\/company\/leaders21com\",\"https:\/\/www.youtube.com\/channel\/UCZG2JyyRknDawylccNWHPlQ\"]}]}<\/script>\n<!-- \/ Yoast SEO plugin. -->","yoast_head_json":{"title":"Jobs - Leaders21","description":"Warum du Teil unseres Teams werden solltest? Weil wir ambitioniert, authentisch, und wissbegierig sind - und DU die perfekte Erg\u00e4nzung bist!","robots":{"index":"index","follow":"follow","max-snippet":"max-snippet:-1","max-image-preview":"max-image-preview:large","max-video-preview":"max-video-preview:-1"},"canonical":"https:\/\/www.leaders21.com\/de\/jobs\/","og_locale":"de_DE","og_type":"article","og_title":"Jobs - Leaders21","og_description":"Warum du Teil unseres Teams werden solltest? Weil wir ambitioniert, authentisch, und wissbegierig sind - und DU die perfekte Erg\u00e4nzung bist!","og_url":"https:\/\/www.leaders21.com\/de\/jobs\/","og_site_name":"Leaders21","article_publisher":"https:\/\/www.facebook.com\/Leaders21com","article_modified_time":"2023-10-27T08:37:20+00:00","og_image":[{"width":658,"height":370,"url":"https:\/\/www.leaders21.com\/wp-content\/uploads\/Leaders21-Team-2023_02-edit-web.jpg","type":"image\/jpeg"}],"twitter_card":"summary_large_image","twitter_misc":{"Gesch\u00e4tzte Lesezeit":"4\u00a0Minuten"},"schema":{"@context":"https:\/\/schema.org","@graph":[{"@type":"WebPage","@id":"https:\/\/www.leaders21.com\/de\/jobs\/","url":"https:\/\/www.leaders21.com\/de\/jobs\/","name":"Jobs - Leaders21","isPartOf":{"@id":"https:\/\/www.leaders21.com\/de\/#website"},"primaryImageOfPage":{"@id":"https:\/\/www.leaders21.com\/de\/jobs\/#primaryimage"},"image":{"@id":"https:\/\/www.leaders21.com\/de\/jobs\/#primaryimage"},"thumbnailUrl":"https:\/\/www.leaders21.com\/wp-content\/uploads\/Leaders21-Team-2023_02-edit-web.jpg","datePublished":"2021-01-14T12:25:54+00:00","dateModified":"2023-10-27T08:37:20+00:00","description":"Warum du Teil unseres Teams werden solltest? Weil wir ambitioniert, authentisch, und wissbegierig sind - und DU die perfekte Erg\u00e4nzung bist!","inLanguage":"de","potentialAction":[{"@type":"ReadAction","target":["https:\/\/www.leaders21.com\/de\/jobs\/"]}]},{"@type":"ImageObject","inLanguage":"de","@id":"https:\/\/www.leaders21.com\/de\/jobs\/#primaryimage","url":"https:\/\/www.leaders21.com\/wp-content\/uploads\/Leaders21-Team-2023_02-edit-web.jpg","contentUrl":"https:\/\/www.leaders21.com\/wp-content\/uploads\/Leaders21-Team-2023_02-edit-web.jpg","width":658,"height":370},{"@type":"WebSite","@id":"https:\/\/www.leaders21.com\/de\/#website","url":"https:\/\/www.leaders21.com\/de\/","name":"Leaders21","description":"","publisher":{"@id":"https:\/\/www.leaders21.com\/de\/#organization"},"potentialAction":[{"@type":"SearchAction","target":{"@type":"EntryPoint","urlTemplate":"https:\/\/www.leaders21.com\/de\/?s={search_term_string}"},"query-input":{"@type":"PropertyValueSpecification","valueRequired":true,"valueName":"search_term_string"}}],"inLanguage":"de"},{"@type":"Organization","@id":"https:\/\/www.leaders21.com\/de\/#organization","name":"Leaders21","url":"https:\/\/www.leaders21.com\/de\/","logo":{"@type":"ImageObject","inLanguage":"de","@id":"https:\/\/www.leaders21.com\/de\/#\/schema\/logo\/image\/","url":"https:\/\/www.leaders21.com\/wp-content\/uploads\/leaders21-logo-horizontal-transparent-300x80-1.png","contentUrl":"https:\/\/www.leaders21.com\/wp-content\/uploads\/leaders21-logo-horizontal-transparent-300x80-1.png","width":350,"height":80,"caption":"Leaders21"},"image":{"@id":"https:\/\/www.leaders21.com\/de\/#\/schema\/logo\/image\/"},"sameAs":["https:\/\/www.facebook.com\/Leaders21com","https:\/\/www.instagram.com\/leaders21com\/","https:\/\/www.linkedin.com\/company\/leaders21com","https:\/\/www.youtube.com\/channel\/UCZG2JyyRknDawylccNWHPlQ"]}]}},"_links":{"self":[{"href":"https:\/\/www.leaders21.com\/de\/wp-json\/wp\/v2\/pages\/84202","targetHints":{"allow":["GET"]}}],"collection":[{"href":"https:\/\/www.leaders21.com\/de\/wp-json\/wp\/v2\/pages"}],"about":[{"href":"https:\/\/www.leaders21.com\/de\/wp-json\/wp\/v2\/types\/page"}],"author":[{"embeddable":true,"href":"https:\/\/www.leaders21.com\/de\/wp-json\/wp\/v2\/users\/3"}],"replies":[{"embeddable":true,"href":"https:\/\/www.leaders21.com\/de\/wp-json\/wp\/v2\/comments?post=84202"}],"version-history":[{"count":1,"href":"https:\/\/www.leaders21.com\/de\/wp-json\/wp\/v2\/pages\/84202\/revisions"}],"predecessor-version":[{"id":96149,"href":"https:\/\/www.leaders21.com\/de\/wp-json\/wp\/v2\/pages\/84202\/revisions\/96149"}],"wp:featuredmedia":[{"embeddable":true,"href":"https:\/\/www.leaders21.com\/de\/wp-json\/wp\/v2\/media\/91524"}],"wp:attachment":[{"href":"https:\/\/www.leaders21.com\/de\/wp-json\/wp\/v2\/media?parent=84202"}],"curies":[{"name":"wp","href":"https:\/\/api.w.org\/{rel}","templated":true}]}}